{"id":9710,"date":"2025-04-24T10:43:02","date_gmt":"2025-04-24T08:43:02","guid":{"rendered":"https:\/\/nuestrocarisma.org\/?page_id=9710"},"modified":"2025-05-01T09:02:14","modified_gmt":"2025-05-01T07:02:14","slug":"seminaristas","status":"publish","type":"page","link":"https:\/\/nuestrocarisma.org\/index.php\/seminaristas\/","title":{"rendered":"Seminaristas"},"content":{"rendered":"\t\t<div data-elementor-type=\"wp-page\" data-elementor-id=\"9710\" class=\"elementor elementor-9710\" data-elementor-post-type=\"page\">\n\t\t\t\t\t\t<section class=\"elementor-section elementor-top-section elementor-element elementor-element-1de507f elementor-section-boxed elementor-section-height-default elementor-section-height-default\" data-id=\"1de507f\" data-element_type=\"section\" data-e-type=\"section\" data-settings=\"{&quot;background_background&quot;:&quot;classic&quot;}\">\n\t\t\t\t\t\t\t<div class=\"elementor-background-overlay\"><\/div>\n\t\t\t\t\t\t\t<div class=\"elementor-container elementor-column-gap-default\">\n\t\t\t\t\t<div class=\"elementor-column elementor-col-100 elementor-top-column elementor-element elementor-element-927184e\" data-id=\"927184e\" data-element_type=\"column\" data-e-type=\"column\">\n\t\t\t<div class=\"elementor-widget-wrap elementor-element-populated\">\n\t\t\t\t\t\t<div class=\"elementor-element elementor-element-d54124b elementor-widget elementor-widget-heading\" data-id=\"d54124b\" data-element_type=\"widget\" data-e-type=\"widget\" data-widget_type=\"heading.default\">\n\t\t\t\t<div class=\"elementor-widget-container\">\n\t\t\t\t\t<h1 class=\"elementor-heading-title elementor-size-default\">Seminaristas<\/h1>\t\t\t\t<\/div>\n\t\t\t\t<\/div>\n\t\t\t\t\t<\/div>\n\t\t<\/div>\n\t\t\t\t\t<\/div>\n\t\t<\/section>\n\t\t\t\t<section class=\"elementor-section elementor-top-section elementor-element elementor-element-0955aba elementor-section-boxed elementor-section-height-default elementor-section-height-default\" data-id=\"0955aba\" data-element_type=\"section\" data-e-type=\"section\">\n\t\t\t\t\t\t<div class=\"elementor-container elementor-column-gap-default\">\n\t\t\t\t\t<div class=\"elementor-column elementor-col-100 elementor-top-column elementor-element elementor-element-3544c5e\" data-id=\"3544c5e\" data-element_type=\"column\" data-e-type=\"column\">\n\t\t\t<div class=\"elementor-widget-wrap elementor-element-populated\">\n\t\t\t\t\t\t<div class=\"elementor-element elementor-element-668e43d elementor-grid-3 elementor-grid-tablet-2 elementor-grid-mobile-1 elementor-posts--thumbnail-top elementor-card-shadow-yes elementor-posts__hover-gradient elementor-invisible elementor-widget elementor-widget-posts\" data-id=\"668e43d\" data-element_type=\"widget\" data-e-type=\"widget\" data-settings=\"{&quot;_animation&quot;:&quot;fadeInUp&quot;,&quot;pagination_type&quot;:&quot;numbers&quot;,&quot;cards_columns&quot;:&quot;3&quot;,&quot;cards_columns_tablet&quot;:&quot;2&quot;,&quot;cards_columns_mobile&quot;:&quot;1&quot;,&quot;cards_row_gap&quot;:{&quot;unit&quot;:&quot;px&quot;,&quot;size&quot;:35,&quot;sizes&quot;:[]},&quot;cards_row_gap_tablet&quot;:{&quot;unit&quot;:&quot;px&quot;,&quot;size&quot;:&quot;&quot;,&quot;sizes&quot;:[]},&quot;cards_row_gap_mobile&quot;:{&quot;unit&quot;:&quot;px&quot;,&quot;size&quot;:&quot;&quot;,&quot;sizes&quot;:[]}}\" data-widget_type=\"posts.cards\">\n\t\t\t\t<div class=\"elementor-widget-container\">\n\t\t\t\t\t\t\t<div class=\"elementor-posts-container elementor-posts elementor-posts--skin-cards elementor-grid\" role=\"list\">\n\t\t\t\t<article class=\"elementor-post elementor-grid-item post-8526 post type-post status-publish format-standard has-post-thumbnail hentry category-homilias tag-alegria tag-almas tag-apostolado tag-caridad tag-cristo tag-evangelio tag-evangelizacion tag-misericordia tag-misionero tag-predicacion tag-seminaristas1 tag-verdad tag-vocacion\" role=\"listitem\">\n\t\t\t<div class=\"elementor-post__card\">\n\t\t\t\t<a class=\"elementor-post__thumbnail__link\" href=\"https:\/\/nuestrocarisma.org\/index.php\/2024\/06\/21\/modelo-de-toda-mision\/\" tabindex=\"-1\" ><div class=\"elementor-post__thumbnail\"><img fetchpriority=\"high\" decoding=\"async\" width=\"1512\" height=\"1008\" src=\"https:\/\/nuestrocarisma.org\/wp-content\/uploads\/2024\/06\/JUNE-21.jpg\" class=\"attachment-full size-full wp-image-8527\" alt=\"\" srcset=\"https:\/\/nuestrocarisma.org\/wp-content\/uploads\/2024\/06\/JUNE-21.jpg 1512w, https:\/\/nuestrocarisma.org\/wp-content\/uploads\/2024\/06\/JUNE-21-300x200.jpg 300w, https:\/\/nuestrocarisma.org\/wp-content\/uploads\/2024\/06\/JUNE-21-1024x683.jpg 1024w, https:\/\/nuestrocarisma.org\/wp-content\/uploads\/2024\/06\/JUNE-21-768x512.jpg 768w\" sizes=\"(max-width: 1512px) 100vw, 1512px\" \/><\/div><\/a>\n\t\t\t\t<div class=\"elementor-post__badge\">Homil\u00edas<\/div>\n\t\t\t\t<div class=\"elementor-post__text\">\n\t\t\t\t<h3 class=\"elementor-post__title\">\n\t\t\t<a href=\"https:\/\/nuestrocarisma.org\/index.php\/2024\/06\/21\/modelo-de-toda-mision\/\" >\n\t\t\t\tModelo de toda misi\u00f3n\t\t\t<\/a>\n\t\t<\/h3>\n\t\t\n\t\t<a class=\"elementor-post__read-more\" href=\"https:\/\/nuestrocarisma.org\/index.php\/2024\/06\/21\/modelo-de-toda-mision\/\" aria-label=\"M\u00e1s informaci\u00f3n sobre Modelo de toda misi\u00f3n\" tabindex=\"-1\" >\n\t\t\tLeer m\u00e1s \u00bb\t\t<\/a>\n\n\t\t\t\t<\/div>\n\t\t\t\t<div class=\"elementor-post__meta-data\">\n\t\t\t\t\t<span class=\"elementor-post-date\">\n\t\t\tjunio 21, 2024\t\t<\/span>\n\t\t\t\t<\/div>\n\t\t\t\t\t<\/div>\n\t\t<\/article>\n\t\t\t\t<article class=\"elementor-post elementor-grid-item post-7414 post type-post status-publish format-standard has-post-thumbnail hentry category-homilias tag-carisma tag-compromiso tag-cristo tag-cruz tag-evangelio tag-fervor tag-fidelidad tag-formacion tag-generosidad tag-misionero tag-religioso tag-seminario tag-seminaristas1 tag-senorio tag-vocacion tag-votos\" role=\"listitem\">\n\t\t\t<div class=\"elementor-post__card\">\n\t\t\t\t<a class=\"elementor-post__thumbnail__link\" href=\"https:\/\/nuestrocarisma.org\/index.php\/2023\/07\/28\/homilia-en-el-seminario-mayor-en-argentina\/\" tabindex=\"-1\" ><div class=\"elementor-post__thumbnail\"><img decoding=\"async\" width=\"2388\" height=\"1316\" src=\"https:\/\/nuestrocarisma.org\/wp-content\/uploads\/2023\/07\/july-28.jpg\" class=\"attachment-full size-full wp-image-7415\" alt=\"\" srcset=\"https:\/\/nuestrocarisma.org\/wp-content\/uploads\/2023\/07\/july-28.jpg 2388w, https:\/\/nuestrocarisma.org\/wp-content\/uploads\/2023\/07\/july-28-300x165.jpg 300w, https:\/\/nuestrocarisma.org\/wp-content\/uploads\/2023\/07\/july-28-1024x564.jpg 1024w, https:\/\/nuestrocarisma.org\/wp-content\/uploads\/2023\/07\/july-28-768x423.jpg 768w, https:\/\/nuestrocarisma.org\/wp-content\/uploads\/2023\/07\/july-28-1536x846.jpg 1536w, https:\/\/nuestrocarisma.org\/wp-content\/uploads\/2023\/07\/july-28-2048x1129.jpg 2048w\" sizes=\"(max-width: 2388px) 100vw, 2388px\" \/><\/div><\/a>\n\t\t\t\t<div class=\"elementor-post__badge\">Homil\u00edas<\/div>\n\t\t\t\t<div class=\"elementor-post__text\">\n\t\t\t\t<h3 class=\"elementor-post__title\">\n\t\t\t<a href=\"https:\/\/nuestrocarisma.org\/index.php\/2023\/07\/28\/homilia-en-el-seminario-mayor-en-argentina\/\" >\n\t\t\t\tHomil\u00eda en el Seminario Mayor en Argentina\t\t\t<\/a>\n\t\t<\/h3>\n\t\t\n\t\t<a class=\"elementor-post__read-more\" href=\"https:\/\/nuestrocarisma.org\/index.php\/2023\/07\/28\/homilia-en-el-seminario-mayor-en-argentina\/\" aria-label=\"M\u00e1s informaci\u00f3n sobre Homil\u00eda en el Seminario Mayor en Argentina\" tabindex=\"-1\" >\n\t\t\tLeer m\u00e1s \u00bb\t\t<\/a>\n\n\t\t\t\t<\/div>\n\t\t\t\t<div class=\"elementor-post__meta-data\">\n\t\t\t\t\t<span class=\"elementor-post-date\">\n\t\t\tjulio 28, 2023\t\t<\/span>\n\t\t\t\t<\/div>\n\t\t\t\t\t<\/div>\n\t\t<\/article>\n\t\t\t\t<article class=\"elementor-post elementor-grid-item post-6313 post type-post status-publish format-standard has-post-thumbnail hentry category-homilias tag-caridad tag-familia-religiosa tag-fidelidad tag-seminaristas1 tag-unidad tag-verbo-encarnado tag-vida-consagrada\" role=\"listitem\">\n\t\t\t<div class=\"elementor-post__card\">\n\t\t\t\t<a class=\"elementor-post__thumbnail__link\" href=\"https:\/\/nuestrocarisma.org\/index.php\/2022\/09\/30\/hijos-en-una-misma-familia\/\" tabindex=\"-1\" ><div class=\"elementor-post__thumbnail\"><img decoding=\"async\" width=\"1280\" height=\"720\" src=\"https:\/\/nuestrocarisma.org\/wp-content\/uploads\/2022\/09\/SEPT-30-PIC.jpg\" class=\"attachment-full size-full wp-image-6315\" alt=\"\" srcset=\"https:\/\/nuestrocarisma.org\/wp-content\/uploads\/2022\/09\/SEPT-30-PIC.jpg 1280w, https:\/\/nuestrocarisma.org\/wp-content\/uploads\/2022\/09\/SEPT-30-PIC-300x169.jpg 300w, https:\/\/nuestrocarisma.org\/wp-content\/uploads\/2022\/09\/SEPT-30-PIC-1024x576.jpg 1024w, https:\/\/nuestrocarisma.org\/wp-content\/uploads\/2022\/09\/SEPT-30-PIC-768x432.jpg 768w\" sizes=\"(max-width: 1280px) 100vw, 1280px\" \/><\/div><\/a>\n\t\t\t\t<div class=\"elementor-post__badge\">Homil\u00edas<\/div>\n\t\t\t\t<div class=\"elementor-post__text\">\n\t\t\t\t<h3 class=\"elementor-post__title\">\n\t\t\t<a href=\"https:\/\/nuestrocarisma.org\/index.php\/2022\/09\/30\/hijos-en-una-misma-familia\/\" >\n\t\t\t\tHijos en una misma Familia\t\t\t<\/a>\n\t\t<\/h3>\n\t\t\n\t\t<a class=\"elementor-post__read-more\" href=\"https:\/\/nuestrocarisma.org\/index.php\/2022\/09\/30\/hijos-en-una-misma-familia\/\" aria-label=\"M\u00e1s informaci\u00f3n sobre Hijos en una misma Familia\" tabindex=\"-1\" >\n\t\t\tLeer m\u00e1s \u00bb\t\t<\/a>\n\n\t\t\t\t<\/div>\n\t\t\t\t<div class=\"elementor-post__meta-data\">\n\t\t\t\t\t<span class=\"elementor-post-date\">\n\t\t\tseptiembre 30, 2022\t\t<\/span>\n\t\t\t\t<\/div>\n\t\t\t\t\t<\/div>\n\t\t<\/article>\n\t\t\t\t<article class=\"elementor-post elementor-grid-item post-6060 post type-post status-publish format-standard has-post-thumbnail hentry category-homilias tag-almas tag-amor tag-anuncio tag-apostolado tag-caridad tag-docilidad tag-evangelizacion tag-fidelidad tag-fortaleza tag-generosidad tag-humildad tag-misionero tag-sacerdote tag-sacrificio tag-santidad tag-seminario tag-seminaristas1 tag-virtud\" role=\"listitem\">\n\t\t\t<div class=\"elementor-post__card\">\n\t\t\t\t<a class=\"elementor-post__thumbnail__link\" href=\"https:\/\/nuestrocarisma.org\/index.php\/2022\/08\/05\/20o-aniversario-del-seminario-mayor-san-jose-de-anchieta-en-brasil\/\" tabindex=\"-1\" ><div class=\"elementor-post__thumbnail\"><img loading=\"lazy\" decoding=\"async\" width=\"1280\" height=\"599\" src=\"https:\/\/nuestrocarisma.org\/wp-content\/uploads\/2022\/08\/august-5-1.jpg\" class=\"attachment-full size-full wp-image-6071\" alt=\"\" srcset=\"https:\/\/nuestrocarisma.org\/wp-content\/uploads\/2022\/08\/august-5-1.jpg 1280w, https:\/\/nuestrocarisma.org\/wp-content\/uploads\/2022\/08\/august-5-1-300x140.jpg 300w, https:\/\/nuestrocarisma.org\/wp-content\/uploads\/2022\/08\/august-5-1-1024x479.jpg 1024w, https:\/\/nuestrocarisma.org\/wp-content\/uploads\/2022\/08\/august-5-1-768x359.jpg 768w\" sizes=\"(max-width: 1280px) 100vw, 1280px\" \/><\/div><\/a>\n\t\t\t\t<div class=\"elementor-post__badge\">Homil\u00edas<\/div>\n\t\t\t\t<div class=\"elementor-post__text\">\n\t\t\t\t<h3 class=\"elementor-post__title\">\n\t\t\t<a href=\"https:\/\/nuestrocarisma.org\/index.php\/2022\/08\/05\/20o-aniversario-del-seminario-mayor-san-jose-de-anchieta-en-brasil\/\" >\n\t\t\t\tMisionero para anunciar a Jesucristo\t\t\t<\/a>\n\t\t<\/h3>\n\t\t\n\t\t<a class=\"elementor-post__read-more\" href=\"https:\/\/nuestrocarisma.org\/index.php\/2022\/08\/05\/20o-aniversario-del-seminario-mayor-san-jose-de-anchieta-en-brasil\/\" aria-label=\"M\u00e1s informaci\u00f3n sobre Misionero para anunciar a Jesucristo\" tabindex=\"-1\" >\n\t\t\tLeer m\u00e1s \u00bb\t\t<\/a>\n\n\t\t\t\t<\/div>\n\t\t\t\t<div class=\"elementor-post__meta-data\">\n\t\t\t\t\t<span class=\"elementor-post-date\">\n\t\t\tagosto 5, 2022\t\t<\/span>\n\t\t\t\t<\/div>\n\t\t\t\t\t<\/div>\n\t\t<\/article>\n\t\t\t\t<article class=\"elementor-post elementor-grid-item post-5588 post type-post status-publish format-standard has-post-thumbnail hentry category-homilias tag-alegria tag-configuracion tag-cristo tag-cruz tag-docilidad tag-estudio tag-fidelidad tag-formacion tag-perseverancia tag-sacerdote tag-seminario tag-seminaristas1 tag-victima tag-vocacion\" role=\"listitem\">\n\t\t\t<div class=\"elementor-post__card\">\n\t\t\t\t<a class=\"elementor-post__thumbnail__link\" href=\"https:\/\/nuestrocarisma.org\/index.php\/2022\/03\/04\/homilia-para-el-inicio-del-ano-academico-en-filipinas-en-el-ano-2017\/\" tabindex=\"-1\" ><div class=\"elementor-post__thumbnail\"><img loading=\"lazy\" decoding=\"async\" width=\"1821\" height=\"956\" src=\"https:\/\/nuestrocarisma.org\/wp-content\/uploads\/2022\/03\/march-4.jpg\" class=\"attachment-full size-full wp-image-5599\" alt=\"\" srcset=\"https:\/\/nuestrocarisma.org\/wp-content\/uploads\/2022\/03\/march-4.jpg 1821w, https:\/\/nuestrocarisma.org\/wp-content\/uploads\/2022\/03\/march-4-300x157.jpg 300w, https:\/\/nuestrocarisma.org\/wp-content\/uploads\/2022\/03\/march-4-1024x538.jpg 1024w, https:\/\/nuestrocarisma.org\/wp-content\/uploads\/2022\/03\/march-4-768x403.jpg 768w, https:\/\/nuestrocarisma.org\/wp-content\/uploads\/2022\/03\/march-4-1536x806.jpg 1536w\" sizes=\"(max-width: 1821px) 100vw, 1821px\" \/><\/div><\/a>\n\t\t\t\t<div class=\"elementor-post__badge\">Homil\u00edas<\/div>\n\t\t\t\t<div class=\"elementor-post__text\">\n\t\t\t\t<h3 class=\"elementor-post__title\">\n\t\t\t<a href=\"https:\/\/nuestrocarisma.org\/index.php\/2022\/03\/04\/homilia-para-el-inicio-del-ano-academico-en-filipinas-en-el-ano-2017\/\" >\n\t\t\t\tPrepararse para ser v\u00edctima\t\t\t<\/a>\n\t\t<\/h3>\n\t\t\n\t\t<a class=\"elementor-post__read-more\" href=\"https:\/\/nuestrocarisma.org\/index.php\/2022\/03\/04\/homilia-para-el-inicio-del-ano-academico-en-filipinas-en-el-ano-2017\/\" aria-label=\"M\u00e1s informaci\u00f3n sobre Prepararse para ser v\u00edctima\" tabindex=\"-1\" >\n\t\t\tLeer m\u00e1s \u00bb\t\t<\/a>\n\n\t\t\t\t<\/div>\n\t\t\t\t<div class=\"elementor-post__meta-data\">\n\t\t\t\t\t<span class=\"elementor-post-date\">\n\t\t\tmarzo 4, 2022\t\t<\/span>\n\t\t\t\t<\/div>\n\t\t\t\t\t<\/div>\n\t\t<\/article>\n\t\t\t\t<article class=\"elementor-post elementor-grid-item post-1893 post type-post status-publish format-standard has-post-thumbnail hentry category-homilias tag-almas tag-caridad tag-carisma tag-encarnacion tag-estudio tag-evangelizacion tag-fe tag-generosidad tag-inculturacion tag-magnanimidad tag-misionero tag-purificacion tag-religiosos-2 tag-sacerdotes-2 tag-sacrificio tag-seminaristas1 tag-verbo-encarnado\" role=\"listitem\">\n\t\t\t<div class=\"elementor-post__card\">\n\t\t\t\t<a class=\"elementor-post__thumbnail__link\" href=\"https:\/\/nuestrocarisma.org\/index.php\/2020\/11\/13\/buenas-noches-en-el-seminario-mayor-de-argentina\/\" tabindex=\"-1\" ><div class=\"elementor-post__thumbnail\"><img loading=\"lazy\" decoding=\"async\" width=\"2048\" height=\"1365\" src=\"https:\/\/nuestrocarisma.org\/wp-content\/uploads\/2020\/11\/57936042_1489777921155561_718470332662415360_o.jpg\" class=\"attachment-full size-full wp-image-1894\" alt=\"\" srcset=\"https:\/\/nuestrocarisma.org\/wp-content\/uploads\/2020\/11\/57936042_1489777921155561_718470332662415360_o.jpg 2048w, https:\/\/nuestrocarisma.org\/wp-content\/uploads\/2020\/11\/57936042_1489777921155561_718470332662415360_o-300x200.jpg 300w, https:\/\/nuestrocarisma.org\/wp-content\/uploads\/2020\/11\/57936042_1489777921155561_718470332662415360_o-1024x683.jpg 1024w, https:\/\/nuestrocarisma.org\/wp-content\/uploads\/2020\/11\/57936042_1489777921155561_718470332662415360_o-768x512.jpg 768w, https:\/\/nuestrocarisma.org\/wp-content\/uploads\/2020\/11\/57936042_1489777921155561_718470332662415360_o-1536x1024.jpg 1536w\" sizes=\"(max-width: 2048px) 100vw, 2048px\" \/><\/div><\/a>\n\t\t\t\t<div class=\"elementor-post__badge\">Homil\u00edas<\/div>\n\t\t\t\t<div class=\"elementor-post__text\">\n\t\t\t\t<h3 class=\"elementor-post__title\">\n\t\t\t<a href=\"https:\/\/nuestrocarisma.org\/index.php\/2020\/11\/13\/buenas-noches-en-el-seminario-mayor-de-argentina\/\" >\n\t\t\t\t\u201cUna invitaci\u00f3n a realizar grandes obras\u201d\t\t\t<\/a>\n\t\t<\/h3>\n\t\t\n\t\t<a class=\"elementor-post__read-more\" href=\"https:\/\/nuestrocarisma.org\/index.php\/2020\/11\/13\/buenas-noches-en-el-seminario-mayor-de-argentina\/\" aria-label=\"M\u00e1s informaci\u00f3n sobre \u201cUna invitaci\u00f3n a realizar grandes obras\u201d\" tabindex=\"-1\" >\n\t\t\tLeer m\u00e1s \u00bb\t\t<\/a>\n\n\t\t\t\t<\/div>\n\t\t\t\t<div class=\"elementor-post__meta-data\">\n\t\t\t\t\t<span class=\"elementor-post-date\">\n\t\t\tnoviembre 13, 2020\t\t<\/span>\n\t\t\t\t<\/div>\n\t\t\t\t\t<\/div>\n\t\t<\/article>\n\t\t\t\t<\/div>\n\t\t\n\t\t\t\t\t\t<\/div>\n\t\t\t\t<\/div>\n\t\t\t\t\t<\/div>\n\t\t<\/div>\n\t\t\t\t\t<\/div>\n\t\t<\/section>\n\t\t\t\t<\/div>\n\t\t","protected":false},"excerpt":{"rendered":"<p>Seminaristas<\/p>\n","protected":false},"author":1,"featured_media":0,"parent":0,"menu_order":0,"comment_status":"closed","ping_status":"closed","template":"elementor_header_footer","meta":{"site-sidebar-layout":"no-sidebar","site-content-layout":"page-builder","ast-site-content-layout":"full-width-container","site-content-style":"default","site-sidebar-style":"default","ast-global-header-display":"","ast-banner-title-visibility":"","ast-main-header-display":"","ast-hfb-above-header-display":"","ast-hfb-below-header-display":"","ast-hfb-mobile-header-display":"","site-post-title":"disabled","ast-breadcrumbs-content":"","ast-featured-img":"disabled","footer-sml-layout":"","theme-transparent-header-meta":"","adv-header-id-meta":"","stick-header-meta":"","header-above-stick-meta":"","header-main-stick-meta":"","header-below-stick-meta":"","astra-migrate-meta-layouts":"set","ast-page-background-enabled":"default","ast-page-background-meta":{"desktop":{"background-color":"","background-image":"","background-repeat":"repeat","background-position":"center center","background-size":"auto","background-attachment":"scroll","background-type":"","background-media":"","overlay-type":"","overlay-color":"","overlay-gradient":""},"tablet":{"background-color":"","background-image":"","background-repeat":"repeat","background-position":"center center","background-size":"auto","background-attachment":"scroll","background-type":"","background-media":"","overlay-type":"","overlay-color":"","overlay-gradient":""},"mobile":{"background-color":"","background-image":"","background-repeat":"repeat","background-position":"center center","background-size":"auto","background-attachment":"scroll","background-type":"","background-media":"","overlay-type":"","overlay-color":"","overlay-gradient":""}},"ast-content-background-meta":{"desktop":{"background-color":"var(--ast-global-color-5)","background-image":"","background-repeat":"repeat","background-position":"center center","background-size":"auto","background-attachment":"scroll","background-type":"","background-media":"","overlay-type":"","overlay-color":"","overlay-gradient":""},"tablet":{"background-color":"var(--ast-global-color-5)","background-image":"","background-repeat":"repeat","background-position":"center center","background-size":"auto","background-attachment":"scroll","background-type":"","background-media":"","overlay-type":"","overlay-color":"","overlay-gradient":""},"mobile":{"background-color":"var(--ast-global-color-5)","background-image":"","background-repeat":"repeat","background-position":"center center","background-size":"auto","background-attachment":"scroll","background-type":"","background-media":"","overlay-type":"","overlay-color":"","overlay-gradient":""}},"footnotes":""},"class_list":["post-9710","page","type-page","status-publish","hentry"],"_links":{"self":[{"href":"https:\/\/nuestrocarisma.org\/index.php\/wp-json\/wp\/v2\/pages\/9710","targetHints":{"allow":["GET"]}}],"collection":[{"href":"https:\/\/nuestrocarisma.org\/index.php\/wp-json\/wp\/v2\/pages"}],"about":[{"href":"https:\/\/nuestrocarisma.org\/index.php\/wp-json\/wp\/v2\/types\/page"}],"author":[{"embeddable":true,"href":"https:\/\/nuestrocarisma.org\/index.php\/wp-json\/wp\/v2\/users\/1"}],"replies":[{"embeddable":true,"href":"https:\/\/nuestrocarisma.org\/index.php\/wp-json\/wp\/v2\/comments?post=9710"}],"version-history":[{"count":19,"href":"https:\/\/nuestrocarisma.org\/index.php\/wp-json\/wp\/v2\/pages\/9710\/revisions"}],"predecessor-version":[{"id":9846,"href":"https:\/\/nuestrocarisma.org\/index.php\/wp-json\/wp\/v2\/pages\/9710\/revisions\/9846"}],"wp:attachment":[{"href":"https:\/\/nuestrocarisma.org\/index.php\/wp-json\/wp\/v2\/media?parent=9710"}],"curies":[{"name":"wp","href":"https:\/\/api.w.org\/{rel}","templated":true}]}}