{"id":9694,"date":"2025-04-24T09:31:57","date_gmt":"2025-04-24T07:31:57","guid":{"rendered":"https:\/\/nuestrocarisma.org\/?page_id=9694"},"modified":"2025-04-29T11:23:17","modified_gmt":"2025-04-29T09:23:17","slug":"sacerdotes","status":"publish","type":"page","link":"https:\/\/nuestrocarisma.org\/index.php\/sacerdotes\/","title":{"rendered":"Sacerdotes"},"content":{"rendered":"\t\t<div data-elementor-type=\"wp-page\" data-elementor-id=\"9694\" class=\"elementor elementor-9694\" data-elementor-post-type=\"page\">\n\t\t\t\t\t\t<section class=\"elementor-section elementor-top-section elementor-element elementor-element-1de507f elementor-section-boxed elementor-section-height-default elementor-section-height-default\" data-id=\"1de507f\" data-element_type=\"section\" data-e-type=\"section\" data-settings=\"{&quot;background_background&quot;:&quot;classic&quot;}\">\n\t\t\t\t\t\t\t<div class=\"elementor-background-overlay\"><\/div>\n\t\t\t\t\t\t\t<div class=\"elementor-container elementor-column-gap-default\">\n\t\t\t\t\t<div class=\"elementor-column elementor-col-100 elementor-top-column elementor-element elementor-element-927184e\" data-id=\"927184e\" data-element_type=\"column\" data-e-type=\"column\">\n\t\t\t<div class=\"elementor-widget-wrap elementor-element-populated\">\n\t\t\t\t\t\t<div class=\"elementor-element elementor-element-d54124b elementor-widget elementor-widget-heading\" data-id=\"d54124b\" data-element_type=\"widget\" data-e-type=\"widget\" data-widget_type=\"heading.default\">\n\t\t\t\t<div class=\"elementor-widget-container\">\n\t\t\t\t\t<h1 class=\"elementor-heading-title elementor-size-default\">Sacerdotes<\/h1>\t\t\t\t<\/div>\n\t\t\t\t<\/div>\n\t\t\t\t\t<\/div>\n\t\t<\/div>\n\t\t\t\t\t<\/div>\n\t\t<\/section>\n\t\t\t\t<section class=\"elementor-section elementor-top-section elementor-element elementor-element-0955aba elementor-section-boxed elementor-section-height-default elementor-section-height-default\" data-id=\"0955aba\" data-element_type=\"section\" data-e-type=\"section\">\n\t\t\t\t\t\t<div class=\"elementor-container elementor-column-gap-default\">\n\t\t\t\t\t<div class=\"elementor-column elementor-col-100 elementor-top-column elementor-element elementor-element-3544c5e\" data-id=\"3544c5e\" data-element_type=\"column\" data-e-type=\"column\">\n\t\t\t<div class=\"elementor-widget-wrap elementor-element-populated\">\n\t\t\t\t\t\t<div class=\"elementor-element elementor-element-668e43d elementor-grid-3 elementor-grid-tablet-2 elementor-grid-mobile-1 elementor-posts--thumbnail-top elementor-card-shadow-yes elementor-posts__hover-gradient elementor-invisible elementor-widget elementor-widget-posts\" data-id=\"668e43d\" data-element_type=\"widget\" data-e-type=\"widget\" data-settings=\"{&quot;_animation&quot;:&quot;fadeInUp&quot;,&quot;pagination_type&quot;:&quot;numbers&quot;,&quot;cards_columns&quot;:&quot;3&quot;,&quot;cards_columns_tablet&quot;:&quot;2&quot;,&quot;cards_columns_mobile&quot;:&quot;1&quot;,&quot;cards_row_gap&quot;:{&quot;unit&quot;:&quot;px&quot;,&quot;size&quot;:35,&quot;sizes&quot;:[]},&quot;cards_row_gap_tablet&quot;:{&quot;unit&quot;:&quot;px&quot;,&quot;size&quot;:&quot;&quot;,&quot;sizes&quot;:[]},&quot;cards_row_gap_mobile&quot;:{&quot;unit&quot;:&quot;px&quot;,&quot;size&quot;:&quot;&quot;,&quot;sizes&quot;:[]}}\" data-widget_type=\"posts.cards\">\n\t\t\t\t<div class=\"elementor-widget-container\">\n\t\t\t\t\t\t\t<div class=\"elementor-posts-container elementor-posts elementor-posts--skin-cards elementor-grid\" role=\"list\">\n\t\t\t\t<article class=\"elementor-post elementor-grid-item post-9009 post type-post status-publish format-standard has-post-thumbnail hentry category-homilias tag-heroismo tag-martires tag-martirio tag-mision tag-misionero tag-sacerdotes-2 tag-sacerdotes1\" role=\"listitem\">\n\t\t\t<div class=\"elementor-post__card\">\n\t\t\t\t<a class=\"elementor-post__thumbnail__link\" href=\"https:\/\/nuestrocarisma.org\/index.php\/2024\/11\/29\/unidos-por-una-causa-mas-alta\/\" tabindex=\"-1\" ><div class=\"elementor-post__thumbnail\"><img fetchpriority=\"high\" decoding=\"async\" width=\"1412\" height=\"521\" src=\"https:\/\/nuestrocarisma.org\/wp-content\/uploads\/2024\/11\/nov-29-1.jpg\" class=\"attachment-full size-full wp-image-9015\" alt=\"\" srcset=\"https:\/\/nuestrocarisma.org\/wp-content\/uploads\/2024\/11\/nov-29-1.jpg 1412w, https:\/\/nuestrocarisma.org\/wp-content\/uploads\/2024\/11\/nov-29-1-300x111.jpg 300w, https:\/\/nuestrocarisma.org\/wp-content\/uploads\/2024\/11\/nov-29-1-1024x378.jpg 1024w, https:\/\/nuestrocarisma.org\/wp-content\/uploads\/2024\/11\/nov-29-1-768x283.jpg 768w\" sizes=\"(max-width: 1412px) 100vw, 1412px\" \/><\/div><\/a>\n\t\t\t\t<div class=\"elementor-post__badge\">Homil\u00edas<\/div>\n\t\t\t\t<div class=\"elementor-post__text\">\n\t\t\t\t<h3 class=\"elementor-post__title\">\n\t\t\t<a href=\"https:\/\/nuestrocarisma.org\/index.php\/2024\/11\/29\/unidos-por-una-causa-mas-alta\/\" >\n\t\t\t\tUnidos por una causa m\u00e1s alta\t\t\t<\/a>\n\t\t<\/h3>\n\t\t\n\t\t<a class=\"elementor-post__read-more\" href=\"https:\/\/nuestrocarisma.org\/index.php\/2024\/11\/29\/unidos-por-una-causa-mas-alta\/\" aria-label=\"M\u00e1s informaci\u00f3n sobre Unidos por una causa m\u00e1s alta\" tabindex=\"-1\" >\n\t\t\tLeer m\u00e1s \u00bb\t\t<\/a>\n\n\t\t\t\t<\/div>\n\t\t\t\t<div class=\"elementor-post__meta-data\">\n\t\t\t\t\t<span class=\"elementor-post-date\">\n\t\t\tnoviembre 29, 2024\t\t<\/span>\n\t\t\t\t<\/div>\n\t\t\t\t\t<\/div>\n\t\t<\/article>\n\t\t\t\t<article class=\"elementor-post elementor-grid-item post-8821 post type-post status-publish format-standard has-post-thumbnail hentry category-homilias tag-cardenal tag-envidia tag-parroquia tag-pio-xii tag-prioridades tag-responsabilidad tag-sacerdotes-2 tag-sacerdotes1 tag-seminario tag-unidad\" role=\"listitem\">\n\t\t\t<div class=\"elementor-post__card\">\n\t\t\t\t<a class=\"elementor-post__thumbnail__link\" href=\"https:\/\/nuestrocarisma.org\/index.php\/2024\/09\/27\/nuestras-prioridades-en-orden\/\" tabindex=\"-1\" ><div class=\"elementor-post__thumbnail\"><img decoding=\"async\" width=\"2048\" height=\"1152\" src=\"https:\/\/nuestrocarisma.org\/wp-content\/uploads\/2024\/09\/sept27.jpg\" class=\"attachment-full size-full wp-image-8828\" alt=\"\" srcset=\"https:\/\/nuestrocarisma.org\/wp-content\/uploads\/2024\/09\/sept27.jpg 2048w, https:\/\/nuestrocarisma.org\/wp-content\/uploads\/2024\/09\/sept27-300x169.jpg 300w, https:\/\/nuestrocarisma.org\/wp-content\/uploads\/2024\/09\/sept27-1024x576.jpg 1024w, https:\/\/nuestrocarisma.org\/wp-content\/uploads\/2024\/09\/sept27-768x432.jpg 768w, https:\/\/nuestrocarisma.org\/wp-content\/uploads\/2024\/09\/sept27-1536x864.jpg 1536w\" sizes=\"(max-width: 2048px) 100vw, 2048px\" \/><\/div><\/a>\n\t\t\t\t<div class=\"elementor-post__badge\">Homil\u00edas<\/div>\n\t\t\t\t<div class=\"elementor-post__text\">\n\t\t\t\t<h3 class=\"elementor-post__title\">\n\t\t\t<a href=\"https:\/\/nuestrocarisma.org\/index.php\/2024\/09\/27\/nuestras-prioridades-en-orden\/\" >\n\t\t\t\tNuestras prioridades en orden\t\t\t<\/a>\n\t\t<\/h3>\n\t\t\n\t\t<a class=\"elementor-post__read-more\" href=\"https:\/\/nuestrocarisma.org\/index.php\/2024\/09\/27\/nuestras-prioridades-en-orden\/\" aria-label=\"M\u00e1s informaci\u00f3n sobre Nuestras prioridades en orden\" tabindex=\"-1\" >\n\t\t\tLeer m\u00e1s \u00bb\t\t<\/a>\n\n\t\t\t\t<\/div>\n\t\t\t\t<div class=\"elementor-post__meta-data\">\n\t\t\t\t\t<span class=\"elementor-post-date\">\n\t\t\tseptiembre 27, 2024\t\t<\/span>\n\t\t\t\t<\/div>\n\t\t\t\t\t<\/div>\n\t\t<\/article>\n\t\t\t\t<article class=\"elementor-post elementor-grid-item post-8394 post type-post status-publish format-standard has-post-thumbnail hentry category-homilias tag-carisma tag-cornelio-fabro tag-cultura tag-estudio tag-evangelizacion tag-familia-religiosa tag-formacion tag-sacerdote tag-sacerdotes-2 tag-sacerdotes1 tag-verdad\" role=\"listitem\">\n\t\t\t<div class=\"elementor-post__card\">\n\t\t\t\t<a class=\"elementor-post__thumbnail__link\" href=\"https:\/\/nuestrocarisma.org\/index.php\/2024\/05\/03\/en-el-20o-aniversario-del-proyecto-fabro\/\" tabindex=\"-1\" ><div class=\"elementor-post__thumbnail\"><img decoding=\"async\" width=\"1600\" height=\"1038\" src=\"https:\/\/nuestrocarisma.org\/wp-content\/uploads\/2024\/05\/may-3.jpg\" class=\"attachment-full size-full wp-image-8395\" alt=\"\" srcset=\"https:\/\/nuestrocarisma.org\/wp-content\/uploads\/2024\/05\/may-3.jpg 1600w, https:\/\/nuestrocarisma.org\/wp-content\/uploads\/2024\/05\/may-3-300x195.jpg 300w, https:\/\/nuestrocarisma.org\/wp-content\/uploads\/2024\/05\/may-3-1024x664.jpg 1024w, https:\/\/nuestrocarisma.org\/wp-content\/uploads\/2024\/05\/may-3-768x498.jpg 768w, https:\/\/nuestrocarisma.org\/wp-content\/uploads\/2024\/05\/may-3-1536x996.jpg 1536w\" sizes=\"(max-width: 1600px) 100vw, 1600px\" \/><\/div><\/a>\n\t\t\t\t<div class=\"elementor-post__badge\">Homil\u00edas<\/div>\n\t\t\t\t<div class=\"elementor-post__text\">\n\t\t\t\t<h3 class=\"elementor-post__title\">\n\t\t\t<a href=\"https:\/\/nuestrocarisma.org\/index.php\/2024\/05\/03\/en-el-20o-aniversario-del-proyecto-fabro\/\" >\n\t\t\t\tEn el 20\u00ba aniversario del Proyecto Fabro\t\t\t<\/a>\n\t\t<\/h3>\n\t\t\n\t\t<a class=\"elementor-post__read-more\" href=\"https:\/\/nuestrocarisma.org\/index.php\/2024\/05\/03\/en-el-20o-aniversario-del-proyecto-fabro\/\" aria-label=\"M\u00e1s informaci\u00f3n sobre En el 20\u00ba aniversario del Proyecto Fabro\" tabindex=\"-1\" >\n\t\t\tLeer m\u00e1s \u00bb\t\t<\/a>\n\n\t\t\t\t<\/div>\n\t\t\t\t<div class=\"elementor-post__meta-data\">\n\t\t\t\t\t<span class=\"elementor-post-date\">\n\t\t\tmayo 3, 2024\t\t<\/span>\n\t\t\t\t<\/div>\n\t\t\t\t\t<\/div>\n\t\t<\/article>\n\t\t\t\t<article class=\"elementor-post elementor-grid-item post-7216 post type-post status-publish format-standard has-post-thumbnail hentry category-homilias tag-amor tag-caridad tag-comunidad tag-confianza tag-cristo tag-cruz tag-familia-religiosa tag-generosidad tag-perdon tag-perfeccion tag-religioso tag-sacerdotes-2 tag-sacerdotes1 tag-verbo-encarnado tag-vida-fraterna\" role=\"listitem\">\n\t\t\t<div class=\"elementor-post__card\">\n\t\t\t\t<a class=\"elementor-post__thumbnail__link\" href=\"https:\/\/nuestrocarisma.org\/index.php\/2023\/06\/23\/caridad-virtud-apostolica-por-excelencia\/\" tabindex=\"-1\" ><div class=\"elementor-post__thumbnail\"><img loading=\"lazy\" decoding=\"async\" width=\"1424\" height=\"760\" src=\"https:\/\/nuestrocarisma.org\/wp-content\/uploads\/2023\/06\/june-23.jpg\" class=\"attachment-full size-full wp-image-7217\" alt=\"\" srcset=\"https:\/\/nuestrocarisma.org\/wp-content\/uploads\/2023\/06\/june-23.jpg 1424w, https:\/\/nuestrocarisma.org\/wp-content\/uploads\/2023\/06\/june-23-300x160.jpg 300w, https:\/\/nuestrocarisma.org\/wp-content\/uploads\/2023\/06\/june-23-1024x547.jpg 1024w, https:\/\/nuestrocarisma.org\/wp-content\/uploads\/2023\/06\/june-23-768x410.jpg 768w\" sizes=\"(max-width: 1424px) 100vw, 1424px\" \/><\/div><\/a>\n\t\t\t\t<div class=\"elementor-post__badge\">Homil\u00edas<\/div>\n\t\t\t\t<div class=\"elementor-post__text\">\n\t\t\t\t<h3 class=\"elementor-post__title\">\n\t\t\t<a href=\"https:\/\/nuestrocarisma.org\/index.php\/2023\/06\/23\/caridad-virtud-apostolica-por-excelencia\/\" >\n\t\t\t\tCaridad: virtud apost\u00f3lica por excelencia\t\t\t<\/a>\n\t\t<\/h3>\n\t\t\n\t\t<a class=\"elementor-post__read-more\" href=\"https:\/\/nuestrocarisma.org\/index.php\/2023\/06\/23\/caridad-virtud-apostolica-por-excelencia\/\" aria-label=\"M\u00e1s informaci\u00f3n sobre Caridad: virtud apost\u00f3lica por excelencia\" tabindex=\"-1\" >\n\t\t\tLeer m\u00e1s \u00bb\t\t<\/a>\n\n\t\t\t\t<\/div>\n\t\t\t\t<div class=\"elementor-post__meta-data\">\n\t\t\t\t\t<span class=\"elementor-post-date\">\n\t\t\tjunio 23, 2023\t\t<\/span>\n\t\t\t\t<\/div>\n\t\t\t\t\t<\/div>\n\t\t<\/article>\n\t\t\t\t<article class=\"elementor-post elementor-grid-item post-6765 post type-post status-publish format-standard has-post-thumbnail hentry category-homilias tag-carisma tag-cruz tag-elementos-no-negociables tag-espiritualidad tag-fidelidad tag-filosofia tag-formacion tag-sacerdotes1 tag-santo-tomas tag-testimonio\" role=\"listitem\">\n\t\t\t<div class=\"elementor-post__card\">\n\t\t\t\t<a class=\"elementor-post__thumbnail__link\" href=\"https:\/\/nuestrocarisma.org\/index.php\/2023\/03\/03\/mostrar-el-valor-del-carisma\/\" tabindex=\"-1\" ><div class=\"elementor-post__thumbnail\"><img loading=\"lazy\" decoding=\"async\" width=\"1821\" height=\"1212\" src=\"https:\/\/nuestrocarisma.org\/wp-content\/uploads\/2023\/03\/march-3.jpg\" class=\"attachment-full size-full wp-image-6766\" alt=\"\" srcset=\"https:\/\/nuestrocarisma.org\/wp-content\/uploads\/2023\/03\/march-3.jpg 1821w, https:\/\/nuestrocarisma.org\/wp-content\/uploads\/2023\/03\/march-3-300x200.jpg 300w, https:\/\/nuestrocarisma.org\/wp-content\/uploads\/2023\/03\/march-3-1024x682.jpg 1024w, https:\/\/nuestrocarisma.org\/wp-content\/uploads\/2023\/03\/march-3-768x511.jpg 768w, https:\/\/nuestrocarisma.org\/wp-content\/uploads\/2023\/03\/march-3-1536x1022.jpg 1536w\" sizes=\"(max-width: 1821px) 100vw, 1821px\" \/><\/div><\/a>\n\t\t\t\t<div class=\"elementor-post__badge\">Homil\u00edas<\/div>\n\t\t\t\t<div class=\"elementor-post__text\">\n\t\t\t\t<h3 class=\"elementor-post__title\">\n\t\t\t<a href=\"https:\/\/nuestrocarisma.org\/index.php\/2023\/03\/03\/mostrar-el-valor-del-carisma\/\" >\n\t\t\t\tMostrar el valor del carisma\t\t\t<\/a>\n\t\t<\/h3>\n\t\t\n\t\t<a class=\"elementor-post__read-more\" href=\"https:\/\/nuestrocarisma.org\/index.php\/2023\/03\/03\/mostrar-el-valor-del-carisma\/\" aria-label=\"M\u00e1s informaci\u00f3n sobre Mostrar el valor del carisma\" tabindex=\"-1\" >\n\t\t\tLeer m\u00e1s \u00bb\t\t<\/a>\n\n\t\t\t\t<\/div>\n\t\t\t\t<div class=\"elementor-post__meta-data\">\n\t\t\t\t\t<span class=\"elementor-post-date\">\n\t\t\tmarzo 3, 2023\t\t<\/span>\n\t\t\t\t<\/div>\n\t\t\t\t\t<\/div>\n\t\t<\/article>\n\t\t\t\t<article class=\"elementor-post elementor-grid-item post-6623 post type-post status-publish format-standard has-post-thumbnail hentry category-homilias tag-compromiso tag-cristo tag-discernimiento tag-evangelio tag-fe tag-herejias tag-iglesia tag-libertad tag-magisterio tag-sabiduria tag-sacerdotes-2 tag-sacerdotes1 tag-verdad\" role=\"listitem\">\n\t\t\t<div class=\"elementor-post__card\">\n\t\t\t\t<a class=\"elementor-post__thumbnail__link\" href=\"https:\/\/nuestrocarisma.org\/index.php\/2023\/01\/06\/lo-que-el-mundo-necesita-es-intolerancia\/\" tabindex=\"-1\" ><div class=\"elementor-post__thumbnail\"><img loading=\"lazy\" decoding=\"async\" width=\"1400\" height=\"747\" src=\"https:\/\/nuestrocarisma.org\/wp-content\/uploads\/2023\/01\/jan-6-1.jpg\" class=\"attachment-full size-full wp-image-6633\" alt=\"\" srcset=\"https:\/\/nuestrocarisma.org\/wp-content\/uploads\/2023\/01\/jan-6-1.jpg 1400w, https:\/\/nuestrocarisma.org\/wp-content\/uploads\/2023\/01\/jan-6-1-300x160.jpg 300w, https:\/\/nuestrocarisma.org\/wp-content\/uploads\/2023\/01\/jan-6-1-1024x546.jpg 1024w, https:\/\/nuestrocarisma.org\/wp-content\/uploads\/2023\/01\/jan-6-1-768x410.jpg 768w\" sizes=\"(max-width: 1400px) 100vw, 1400px\" \/><\/div><\/a>\n\t\t\t\t<div class=\"elementor-post__badge\">Homil\u00edas<\/div>\n\t\t\t\t<div class=\"elementor-post__text\">\n\t\t\t\t<h3 class=\"elementor-post__title\">\n\t\t\t<a href=\"https:\/\/nuestrocarisma.org\/index.php\/2023\/01\/06\/lo-que-el-mundo-necesita-es-intolerancia\/\" >\n\t\t\t\tLo que el mundo necesita es intolerancia\t\t\t<\/a>\n\t\t<\/h3>\n\t\t\n\t\t<a class=\"elementor-post__read-more\" href=\"https:\/\/nuestrocarisma.org\/index.php\/2023\/01\/06\/lo-que-el-mundo-necesita-es-intolerancia\/\" aria-label=\"M\u00e1s informaci\u00f3n sobre Lo que el mundo necesita es intolerancia\" tabindex=\"-1\" >\n\t\t\tLeer m\u00e1s \u00bb\t\t<\/a>\n\n\t\t\t\t<\/div>\n\t\t\t\t<div class=\"elementor-post__meta-data\">\n\t\t\t\t\t<span class=\"elementor-post-date\">\n\t\t\tenero 6, 2023\t\t<\/span>\n\t\t\t\t<\/div>\n\t\t\t\t\t<\/div>\n\t\t<\/article>\n\t\t\t\t<article class=\"elementor-post elementor-grid-item post-6358 post type-post status-publish format-standard has-post-thumbnail hentry category-homilias tag-carisma tag-configuracion tag-cristo tag-fe tag-fidelidad tag-humildad tag-luz tag-mediador tag-misterio tag-sacerdote tag-sacerdotes-2 tag-sacerdotes1 tag-sacrificio tag-verbo-encarnado tag-victimas tag-virgen-maria\" role=\"listitem\">\n\t\t\t<div class=\"elementor-post__card\">\n\t\t\t\t<a class=\"elementor-post__thumbnail__link\" href=\"https:\/\/nuestrocarisma.org\/index.php\/2022\/10\/14\/homilia-durante-la-peregrinacion-a-nazareth-por-el-25o-aniversario-de-sacerdocio\/\" tabindex=\"-1\" ><div class=\"elementor-post__thumbnail\"><img loading=\"lazy\" decoding=\"async\" width=\"1536\" height=\"1036\" src=\"https:\/\/nuestrocarisma.org\/wp-content\/uploads\/2022\/10\/oct-14-2.jpg\" class=\"attachment-full size-full wp-image-6369\" alt=\"\" srcset=\"https:\/\/nuestrocarisma.org\/wp-content\/uploads\/2022\/10\/oct-14-2.jpg 1536w, https:\/\/nuestrocarisma.org\/wp-content\/uploads\/2022\/10\/oct-14-2-300x202.jpg 300w, https:\/\/nuestrocarisma.org\/wp-content\/uploads\/2022\/10\/oct-14-2-1024x691.jpg 1024w, https:\/\/nuestrocarisma.org\/wp-content\/uploads\/2022\/10\/oct-14-2-768x518.jpg 768w\" sizes=\"(max-width: 1536px) 100vw, 1536px\" \/><\/div><\/a>\n\t\t\t\t<div class=\"elementor-post__badge\">Homil\u00edas<\/div>\n\t\t\t\t<div class=\"elementor-post__text\">\n\t\t\t\t<h3 class=\"elementor-post__title\">\n\t\t\t<a href=\"https:\/\/nuestrocarisma.org\/index.php\/2022\/10\/14\/homilia-durante-la-peregrinacion-a-nazareth-por-el-25o-aniversario-de-sacerdocio\/\" >\n\t\t\t\tCristo es el modelo de nuestra misi\u00f3n como sacerdotes\t\t\t<\/a>\n\t\t<\/h3>\n\t\t\n\t\t<a class=\"elementor-post__read-more\" href=\"https:\/\/nuestrocarisma.org\/index.php\/2022\/10\/14\/homilia-durante-la-peregrinacion-a-nazareth-por-el-25o-aniversario-de-sacerdocio\/\" aria-label=\"M\u00e1s informaci\u00f3n sobre Cristo es el modelo de nuestra misi\u00f3n como sacerdotes\" tabindex=\"-1\" >\n\t\t\tLeer m\u00e1s \u00bb\t\t<\/a>\n\n\t\t\t\t<\/div>\n\t\t\t\t<div class=\"elementor-post__meta-data\">\n\t\t\t\t\t<span class=\"elementor-post-date\">\n\t\t\toctubre 14, 2022\t\t<\/span>\n\t\t\t\t<\/div>\n\t\t\t\t\t<\/div>\n\t\t<\/article>\n\t\t\t\t<article class=\"elementor-post elementor-grid-item post-6106 post type-post status-publish format-standard has-post-thumbnail hentry category-homilias tag-alegria tag-caridad tag-docilidad tag-fervor tag-humildad tag-misericordia tag-oracion tag-piezas-claves tag-sacerdotes-2 tag-sacerdotes1 tag-testimonio\" role=\"listitem\">\n\t\t\t<div class=\"elementor-post__card\">\n\t\t\t\t<a class=\"elementor-post__thumbnail__link\" href=\"https:\/\/nuestrocarisma.org\/index.php\/2022\/08\/12\/la-primera-caridad-debemos-hacernosla-a-nosotros-mismos\/\" tabindex=\"-1\" ><div class=\"elementor-post__thumbnail\"><img loading=\"lazy\" decoding=\"async\" width=\"1156\" height=\"650\" src=\"https:\/\/nuestrocarisma.org\/wp-content\/uploads\/2022\/08\/AUG-12.jpeg\" class=\"attachment-full size-full wp-image-6107\" alt=\"\" srcset=\"https:\/\/nuestrocarisma.org\/wp-content\/uploads\/2022\/08\/AUG-12.jpeg 1156w, https:\/\/nuestrocarisma.org\/wp-content\/uploads\/2022\/08\/AUG-12-300x169.jpeg 300w, https:\/\/nuestrocarisma.org\/wp-content\/uploads\/2022\/08\/AUG-12-1024x576.jpeg 1024w, https:\/\/nuestrocarisma.org\/wp-content\/uploads\/2022\/08\/AUG-12-768x432.jpeg 768w\" sizes=\"(max-width: 1156px) 100vw, 1156px\" \/><\/div><\/a>\n\t\t\t\t<div class=\"elementor-post__badge\">Homil\u00edas<\/div>\n\t\t\t\t<div class=\"elementor-post__text\">\n\t\t\t\t<h3 class=\"elementor-post__title\">\n\t\t\t<a href=\"https:\/\/nuestrocarisma.org\/index.php\/2022\/08\/12\/la-primera-caridad-debemos-hacernosla-a-nosotros-mismos\/\" >\n\t\t\t\tLa primera caridad debemos hac\u00e9rnosla a nosotros mismos\t\t\t<\/a>\n\t\t<\/h3>\n\t\t\n\t\t<a class=\"elementor-post__read-more\" href=\"https:\/\/nuestrocarisma.org\/index.php\/2022\/08\/12\/la-primera-caridad-debemos-hacernosla-a-nosotros-mismos\/\" aria-label=\"M\u00e1s informaci\u00f3n sobre La primera caridad debemos hac\u00e9rnosla a nosotros mismos\" tabindex=\"-1\" >\n\t\t\tLeer m\u00e1s \u00bb\t\t<\/a>\n\n\t\t\t\t<\/div>\n\t\t\t\t<div class=\"elementor-post__meta-data\">\n\t\t\t\t\t<span class=\"elementor-post-date\">\n\t\t\tagosto 12, 2022\t\t<\/span>\n\t\t\t\t<\/div>\n\t\t\t\t\t<\/div>\n\t\t<\/article>\n\t\t\t\t<\/div>\n\t\t\n\t\t\t\t\t\t<\/div>\n\t\t\t\t<\/div>\n\t\t\t\t\t<\/div>\n\t\t<\/div>\n\t\t\t\t\t<\/div>\n\t\t<\/section>\n\t\t\t\t<\/div>\n\t\t","protected":false},"excerpt":{"rendered":"<p>Sacerdotes<\/p>\n","protected":false},"author":1,"featured_media":0,"parent":0,"menu_order":0,"comment_status":"closed","ping_status":"closed","template":"elementor_header_footer","meta":{"site-sidebar-layout":"no-sidebar","site-content-layout":"page-builder","ast-site-content-layout":"full-width-container","site-content-style":"default","site-sidebar-style":"default","ast-global-header-display":"","ast-banner-title-visibility":"","ast-main-header-display":"","ast-hfb-above-header-display":"","ast-hfb-below-header-display":"","ast-hfb-mobile-header-display":"","site-post-title":"disabled","ast-breadcrumbs-content":"","ast-featured-img":"disabled","footer-sml-layout":"","theme-transparent-header-meta":"","adv-header-id-meta":"","stick-header-meta":"","header-above-stick-meta":"","header-main-stick-meta":"","header-below-stick-meta":"","astra-migrate-meta-layouts":"set","ast-page-background-enabled":"default","ast-page-background-meta":{"desktop":{"background-color":"","background-image":"","background-repeat":"repeat","background-position":"center center","background-size":"auto","background-attachment":"scroll","background-type":"","background-media":"","overlay-type":"","overlay-color":"","overlay-gradient":""},"tablet":{"background-color":"","background-image":"","background-repeat":"repeat","background-position":"center center","background-size":"auto","background-attachment":"scroll","background-type":"","background-media":"","overlay-type":"","overlay-color":"","overlay-gradient":""},"mobile":{"background-color":"","background-image":"","background-repeat":"repeat","background-position":"center center","background-size":"auto","background-attachment":"scroll","background-type":"","background-media":"","overlay-type":"","overlay-color":"","overlay-gradient":""}},"ast-content-background-meta":{"desktop":{"background-color":"var(--ast-global-color-5)","background-image":"","background-repeat":"repeat","background-position":"center center","background-size":"auto","background-attachment":"scroll","background-type":"","background-media":"","overlay-type":"","overlay-color":"","overlay-gradient":""},"tablet":{"background-color":"var(--ast-global-color-5)","background-image":"","background-repeat":"repeat","background-position":"center center","background-size":"auto","background-attachment":"scroll","background-type":"","background-media":"","overlay-type":"","overlay-color":"","overlay-gradient":""},"mobile":{"background-color":"var(--ast-global-color-5)","background-image":"","background-repeat":"repeat","background-position":"center center","background-size":"auto","background-attachment":"scroll","background-type":"","background-media":"","overlay-type":"","overlay-color":"","overlay-gradient":""}},"footnotes":""},"class_list":["post-9694","page","type-page","status-publish","hentry"],"_links":{"self":[{"href":"https:\/\/nuestrocarisma.org\/index.php\/wp-json\/wp\/v2\/pages\/9694","targetHints":{"allow":["GET"]}}],"collection":[{"href":"https:\/\/nuestrocarisma.org\/index.php\/wp-json\/wp\/v2\/pages"}],"about":[{"href":"https:\/\/nuestrocarisma.org\/index.php\/wp-json\/wp\/v2\/types\/page"}],"author":[{"embeddable":true,"href":"https:\/\/nuestrocarisma.org\/index.php\/wp-json\/wp\/v2\/users\/1"}],"replies":[{"embeddable":true,"href":"https:\/\/nuestrocarisma.org\/index.php\/wp-json\/wp\/v2\/comments?post=9694"}],"version-history":[{"count":13,"href":"https:\/\/nuestrocarisma.org\/index.php\/wp-json\/wp\/v2\/pages\/9694\/revisions"}],"predecessor-version":[{"id":9799,"href":"https:\/\/nuestrocarisma.org\/index.php\/wp-json\/wp\/v2\/pages\/9694\/revisions\/9799"}],"wp:attachment":[{"href":"https:\/\/nuestrocarisma.org\/index.php\/wp-json\/wp\/v2\/media?parent=9694"}],"curies":[{"name":"wp","href":"https:\/\/api.w.org\/{rel}","templated":true}]}}