{"id":869,"date":"2020-06-01T08:00:43","date_gmt":"2020-06-01T08:00:43","guid":{"rendered":"http:\/\/nuestrocarisma.org\/?page_id=869"},"modified":"2021-08-02T09:48:09","modified_gmt":"2021-08-02T07:48:09","slug":"mision","status":"publish","type":"page","link":"https:\/\/nuestrocarisma.org\/index.php\/mision\/","title":{"rendered":"Misi\u00f3n"},"content":{"rendered":"\t\t<div data-elementor-type=\"wp-page\" data-elementor-id=\"869\" class=\"elementor elementor-869\" data-elementor-post-type=\"page\">\n\t\t\t\t\t\t<section class=\"elementor-section elementor-top-section elementor-element elementor-element-36dd026b elementor-section-boxed elementor-section-height-default elementor-section-height-default\" data-id=\"36dd026b\" data-element_type=\"section\" data-e-type=\"section\" data-settings=\"{&quot;background_background&quot;:&quot;classic&quot;}\">\n\t\t\t\t\t\t\t<div class=\"elementor-background-overlay\"><\/div>\n\t\t\t\t\t\t\t<div class=\"elementor-container elementor-column-gap-default\">\n\t\t\t\t\t<div class=\"elementor-column elementor-col-100 elementor-top-column elementor-element elementor-element-36e0737a\" data-id=\"36e0737a\" data-element_type=\"column\" data-e-type=\"column\">\n\t\t\t<div class=\"elementor-widget-wrap elementor-element-populated\">\n\t\t\t\t\t\t<div class=\"elementor-element elementor-element-480b59db elementor-widget elementor-widget-heading\" data-id=\"480b59db\" data-element_type=\"widget\" data-e-type=\"widget\" data-widget_type=\"heading.default\">\n\t\t\t\t<div class=\"elementor-widget-container\">\n\t\t\t\t\t<h1 class=\"elementor-heading-title elementor-size-default\">quid sit<\/h1>\t\t\t\t<\/div>\n\t\t\t\t<\/div>\n\t\t\t\t<div class=\"elementor-element elementor-element-1e5b5161 elementor-widget elementor-widget-heading\" data-id=\"1e5b5161\" data-element_type=\"widget\" data-e-type=\"widget\" data-widget_type=\"heading.default\">\n\t\t\t\t<div class=\"elementor-widget-container\">\n\t\t\t\t\t<h3 class=\"elementor-heading-title elementor-size-default\">Objetivo de esta p\u00e1gina web<\/h3>\t\t\t\t<\/div>\n\t\t\t\t<\/div>\n\t\t\t\t\t<\/div>\n\t\t<\/div>\n\t\t\t\t\t<\/div>\n\t\t<\/section>\n\t\t\t\t<section class=\"elementor-section elementor-top-section elementor-element elementor-element-3509158e elementor-section-boxed elementor-section-height-default elementor-section-height-default\" data-id=\"3509158e\" data-element_type=\"section\" data-e-type=\"section\">\n\t\t\t\t\t\t<div class=\"elementor-container elementor-column-gap-default\">\n\t\t\t\t\t<div class=\"elementor-column elementor-col-100 elementor-top-column elementor-element elementor-element-16943a5d\" data-id=\"16943a5d\" data-element_type=\"column\" data-e-type=\"column\">\n\t\t\t<div class=\"elementor-widget-wrap elementor-element-populated\">\n\t\t\t\t\t\t<div class=\"elementor-element elementor-element-578c53b3 elementor-widget elementor-widget-spacer\" data-id=\"578c53b3\" data-element_type=\"widget\" data-e-type=\"widget\" data-widget_type=\"spacer.default\">\n\t\t\t\t<div class=\"elementor-widget-container\">\n\t\t\t\t\t\t\t<div class=\"elementor-spacer\">\n\t\t\t<div class=\"elementor-spacer-inner\"><\/div>\n\t\t<\/div>\n\t\t\t\t\t\t<\/div>\n\t\t\t\t<\/div>\n\t\t\t\t\t<\/div>\n\t\t<\/div>\n\t\t\t\t\t<\/div>\n\t\t<\/section>\n\t\t\t\t<section class=\"elementor-section elementor-top-section elementor-element elementor-element-88af60c elementor-section-boxed elementor-section-height-default elementor-section-height-default\" data-id=\"88af60c\" data-element_type=\"section\" data-e-type=\"section\">\n\t\t\t\t\t\t<div class=\"elementor-container elementor-column-gap-default\">\n\t\t\t\t\t<div class=\"elementor-column elementor-col-100 elementor-top-column elementor-element elementor-element-eb88cf2\" data-id=\"eb88cf2\" data-element_type=\"column\" data-e-type=\"column\">\n\t\t\t<div class=\"elementor-widget-wrap elementor-element-populated\">\n\t\t\t\t\t\t<div class=\"elementor-element elementor-element-03a38cc elementor-widget elementor-widget-text-editor\" data-id=\"03a38cc\" data-element_type=\"widget\" data-e-type=\"widget\" data-widget_type=\"text-editor.default\">\n\t\t\t\t<div class=\"elementor-widget-container\">\n\t\t\t\t\t\t\t\t\t<p style=\"text-align: left;\">Nuestro<strong> Carisma <\/strong>est\u00e1 dedicada a la difusi\u00f3n del carisma y del abundante patrimonio espiritual del Instituto del Verbo Encarnado. Aqu\u00ed sus religiosos encontrar\u00e1n material acerca de los diversos elementos que expresan la identidad y configuraci\u00f3n de la vida consagrada en el Instituto seg\u00fan su \u201cestilo particular de santificaci\u00f3n y de apostolado\u201d<a href=\"https:\/\/nuestrocarisma.org\/index.php\/mission-statement\/#_ftn1\">[1]<\/a>.\u00a0 Aunque la p\u00e1gina est\u00e1 destinada principalmente a los religiosos de la Familia Religiosa del Verbo Encarnado, con la intenci\u00f3n de acrecentar el amor al propio Instituto y de reafirmar y cultivar su identidad propia en la Iglesia, tambi\u00e9n los miembros de la Tercera Orden y p\u00fablico en general podr\u00e1n nutrirse del patrimonio del Instituto.<\/p><p>Convencidos de que \u201cla creciente configuraci\u00f3n del religioso con Cristo se va realizando en conformidad con el carisma y normas del Instituto al que pertenece\u201d<a href=\"https:\/\/nuestrocarisma.org\/index.php\/mission-statement\/#_ftn2\">[2]<\/a>, confiamos que el insondable caudal espiritual que Dios ha concedido al Instituto del Verbo Encarnado y acerca del cual podr\u00e1n aqu\u00ed encontrar algunas muestras, constituye un precioso legado para las futuras generaciones de religiosos a fin de que volviendo continuamente y con las adaptaciones necesarias, al esp\u00edritu legado por el Fundador y al cumplimiento del derecho propio, se conformen cada vez m\u00e1s y mejor al ideal del religioso del Verbo Encarnado.<\/p><p><em>\u201cEntrar en una familia religiosa quiere decir tambi\u00e9n hacer propio su carisma y su espiritualidad,\u00a0aceptarla como marco en el que la vida ofrecida al Se\u00f1or debe desarrollarse mediante el don de s\u00ed\u201d<a href=\"https:\/\/nuestrocarisma.org\/wp-admin\/post-new.php?post_type=page#_ftn3\">[3]<\/a>.<\/em><\/p><p><em>\u2212San Juan Pablo II<\/em><\/p><p class=\"has-text-align-center\">\u00a0<\/p><hr class=\"wp-block-separator\" \/><p><a href=\"https:\/\/nuestrocarisma.org\/index.php\/mission-statement\/#_ftnref1\">[1]<\/a>\u00a0Cf.\u00a0<em>Vita Consecrata<\/em>, 93.<br \/><a href=\"https:\/\/nuestrocarisma.org\/index.php\/mission-statement\/#_ftnref2\">[2]<\/a>\u00a0<em>Elementos Esenciales de la Vida Religiosa<\/em>, 46.<br \/><a href=\"https:\/\/nuestrocarisma.org\/index.php\/mission-statement\/#_ftnref3\">[3]<\/a>\u00a0<em>A los sacerdotes, religiosos y religiosas en Buyumbura\u00a0<\/em>(<em>Burundi<\/em>), (6\/9\/1990).<\/p>\t\t\t\t\t\t\t\t<\/div>\n\t\t\t\t<\/div>\n\t\t\t\t\t<\/div>\n\t\t<\/div>\n\t\t\t\t\t<\/div>\n\t\t<\/section>\n\t\t\t\t<section class=\"elementor-section elementor-top-section elementor-element elementor-element-d809426 elementor-section-boxed elementor-section-height-default elementor-section-height-default\" data-id=\"d809426\" data-element_type=\"section\" data-e-type=\"section\">\n\t\t\t\t\t\t<div class=\"elementor-container elementor-column-gap-default\">\n\t\t\t\t\t<div class=\"elementor-column elementor-col-100 elementor-top-column elementor-element elementor-element-5831bfb\" data-id=\"5831bfb\" data-element_type=\"column\" data-e-type=\"column\">\n\t\t\t<div class=\"elementor-widget-wrap elementor-element-populated\">\n\t\t\t\t\t\t<div class=\"elementor-element elementor-element-147a3b2 elementor-widget elementor-widget-spacer\" data-id=\"147a3b2\" data-element_type=\"widget\" data-e-type=\"widget\" data-widget_type=\"spacer.default\">\n\t\t\t\t<div class=\"elementor-widget-container\">\n\t\t\t\t\t\t\t<div class=\"elementor-spacer\">\n\t\t\t<div class=\"elementor-spacer-inner\"><\/div>\n\t\t<\/div>\n\t\t\t\t\t\t<\/div>\n\t\t\t\t<\/div>\n\t\t\t\t\t<\/div>\n\t\t<\/div>\n\t\t\t\t\t<\/div>\n\t\t<\/section>\n\t\t\t\t<\/div>\n\t\t","protected":false},"excerpt":{"rendered":"<p>quid sit Objetivo de esta p\u00e1gina web Nuestro Carisma est\u00e1 dedicada a la difusi\u00f3n del carisma y del abundante patrimonio espiritual del Instituto del Verbo Encarnado. Aqu\u00ed sus religiosos encontrar\u00e1n material acerca de los diversos elementos que expresan la identidad y configuraci\u00f3n de la vida consagrada en el Instituto seg\u00fan su \u201cestilo particular de santificaci\u00f3n [&hellip;]<\/p>\n","protected":false},"author":1,"featured_media":0,"parent":0,"menu_order":0,"comment_status":"closed","ping_status":"closed","template":"","meta":{"site-sidebar-layout":"no-sidebar","site-content-layout":"page-builder","ast-site-content-layout":"default","site-content-style":"default","site-sidebar-style":"default","ast-global-header-display":"","ast-banner-title-visibility":"","ast-main-header-display":"","ast-hfb-above-header-display":"","ast-hfb-below-header-display":"","ast-hfb-mobile-header-display":"","site-post-title":"disabled","ast-breadcrumbs-content":"","ast-featured-img":"disabled","footer-sml-layout":"","theme-transparent-header-meta":"default","adv-header-id-meta":"","stick-header-meta":"","header-above-stick-meta":"","header-main-stick-meta":"","header-below-stick-meta":"","astra-migrate-meta-layouts":"default","ast-page-background-enabled":"default","ast-page-background-meta":{"desktop":{"background-color":"","background-image":"","background-repeat":"repeat","background-position":"center center","background-size":"auto","background-attachment":"scroll","background-type":"","background-media":"","overlay-type":"","overlay-color":"","overlay-opacity":"","overlay-gradient":""},"tablet":{"background-color":"","background-image":"","background-repeat":"repeat","background-position":"center center","background-size":"auto","background-attachment":"scroll","background-type":"","background-media":"","overlay-type":"","overlay-color":"","overlay-opacity":"","overlay-gradient":""},"mobile":{"background-color":"","background-image":"","background-repeat":"repeat","background-position":"center center","background-size":"auto","background-attachment":"scroll","background-type":"","background-media":"","overlay-type":"","overlay-color":"","overlay-opacity":"","overlay-gradient":""}},"ast-content-background-meta":{"desktop":{"background-color":"var(--ast-global-color-5)","background-image":"","background-repeat":"repeat","background-position":"center center","background-size":"auto","background-attachment":"scroll","background-type":"","background-media":"","overlay-type":"","overlay-color":"","overlay-opacity":"","overlay-gradient":""},"tablet":{"background-color":"var(--ast-global-color-5)","background-image":"","background-repeat":"repeat","background-position":"center center","background-size":"auto","background-attachment":"scroll","background-type":"","background-media":"","overlay-type":"","overlay-color":"","overlay-opacity":"","overlay-gradient":""},"mobile":{"background-color":"var(--ast-global-color-5)","background-image":"","background-repeat":"repeat","background-position":"center center","background-size":"auto","background-attachment":"scroll","background-type":"","background-media":"","overlay-type":"","overlay-color":"","overlay-opacity":"","overlay-gradient":""}},"footnotes":""},"class_list":["post-869","page","type-page","status-publish","hentry"],"_links":{"self":[{"href":"https:\/\/nuestrocarisma.org\/index.php\/wp-json\/wp\/v2\/pages\/869","targetHints":{"allow":["GET"]}}],"collection":[{"href":"https:\/\/nuestrocarisma.org\/index.php\/wp-json\/wp\/v2\/pages"}],"about":[{"href":"https:\/\/nuestrocarisma.org\/index.php\/wp-json\/wp\/v2\/types\/page"}],"author":[{"embeddable":true,"href":"https:\/\/nuestrocarisma.org\/index.php\/wp-json\/wp\/v2\/users\/1"}],"replies":[{"embeddable":true,"href":"https:\/\/nuestrocarisma.org\/index.php\/wp-json\/wp\/v2\/comments?post=869"}],"version-history":[{"count":27,"href":"https:\/\/nuestrocarisma.org\/index.php\/wp-json\/wp\/v2\/pages\/869\/revisions"}],"predecessor-version":[{"id":3935,"href":"https:\/\/nuestrocarisma.org\/index.php\/wp-json\/wp\/v2\/pages\/869\/revisions\/3935"}],"wp:attachment":[{"href":"https:\/\/nuestrocarisma.org\/index.php\/wp-json\/wp\/v2\/media?parent=869"}],"curies":[{"name":"wp","href":"https:\/\/api.w.org\/{rel}","templated":true}]}}