{"id":10780,"date":"2026-03-06T07:02:31","date_gmt":"2026-03-06T05:02:31","guid":{"rendered":"https:\/\/nuestrocarisma.org\/?page_id=10780"},"modified":"2026-03-06T07:54:28","modified_gmt":"2026-03-06T05:54:28","slug":"nuestro-estilo","status":"publish","type":"page","link":"https:\/\/nuestrocarisma.org\/index.php\/nuestro-estilo\/","title":{"rendered":"Nuestro Estilo"},"content":{"rendered":"\t\t<div data-elementor-type=\"wp-page\" data-elementor-id=\"10780\" class=\"elementor elementor-10780\" data-elementor-post-type=\"page\">\n\t\t\t\t\t\t<section class=\"elementor-section elementor-top-section elementor-element elementor-element-1de507f elementor-section-height-min-height elementor-section-boxed elementor-section-height-default elementor-section-items-middle\" data-id=\"1de507f\" data-element_type=\"section\" data-e-type=\"section\" data-settings=\"{&quot;background_background&quot;:&quot;classic&quot;}\">\n\t\t\t\t\t\t\t<div class=\"elementor-background-overlay\"><\/div>\n\t\t\t\t\t\t\t<div class=\"elementor-container elementor-column-gap-default\">\n\t\t\t\t\t<div class=\"elementor-column elementor-col-100 elementor-top-column elementor-element elementor-element-927184e\" data-id=\"927184e\" data-element_type=\"column\" data-e-type=\"column\">\n\t\t\t<div class=\"elementor-widget-wrap elementor-element-populated\">\n\t\t\t\t\t\t<div class=\"elementor-element elementor-element-d54124b elementor-widget elementor-widget-heading\" data-id=\"d54124b\" data-element_type=\"widget\" data-e-type=\"widget\" data-widget_type=\"heading.default\">\n\t\t\t\t<div class=\"elementor-widget-container\">\n\t\t\t\t\t<h1 class=\"elementor-heading-title elementor-size-default\">Nuestro estilo lit\u00fargico<\/h1>\t\t\t\t<\/div>\n\t\t\t\t<\/div>\n\t\t\t\t\t<\/div>\n\t\t<\/div>\n\t\t\t\t\t<\/div>\n\t\t<\/section>\n\t\t\t\t<section class=\"elementor-section elementor-top-section elementor-element elementor-element-0955aba elementor-section-boxed elementor-section-height-default elementor-section-height-default\" data-id=\"0955aba\" data-element_type=\"section\" data-e-type=\"section\">\n\t\t\t\t\t\t<div class=\"elementor-container elementor-column-gap-default\">\n\t\t\t\t\t<div class=\"elementor-column elementor-col-100 elementor-top-column elementor-element elementor-element-3544c5e\" data-id=\"3544c5e\" data-element_type=\"column\" data-e-type=\"column\">\n\t\t\t<div class=\"elementor-widget-wrap elementor-element-populated\">\n\t\t\t\t\t\t<div class=\"elementor-element elementor-element-6807aa9 elementor-widget elementor-widget-text-editor\" data-id=\"6807aa9\" data-element_type=\"widget\" data-e-type=\"widget\" data-widget_type=\"text-editor.default\">\n\t\t\t\t<div class=\"elementor-widget-container\">\n\t\t\t\t\t\t\t\t\t<h2><strong>Introducci\u00f3n<\/strong><\/h2><p>\u00a0<\/p><p style=\"text-align: center;\">\u201cLas celebraciones lit\u00fargicas ser\u00e1n, generalmente,<br \/>lo que quiera y lo que sea el celebrante.<br \/>A \u00e9l le corresponde cuidar todos los detalles para que<br \/>la celebraci\u00f3n sea como corresponde\u201d<\/p><h3 style=\"text-align: center;\">Directorio de Vida Lit\u00fargica, 50<\/h3><p>\u00a0<\/p><p>Con estas palabras damos inicio a la entrega quincenal de una serie de escritos breves que hemos denominado \u201c<strong><em>Nuestro estilo lit\u00fargico<\/em><\/strong>\u201d y que hacen referencia a la exhortaci\u00f3n que nos hace el derecho propio de \u201cmarcar un estilo de celebraciones lit\u00fargicas como parte de nuestro carisma\u201d<a href=\"#_ftn1\" name=\"_ftnref1\">[1]<\/a>. Por tanto, se trata de escritos con una finalidad eminentemente pr\u00e1ctica.<\/p><p>Principalmente dirigido a los sacerdotes del Instituto estos escritos abundan especialmente en citas del derecho propio, del Fundador, de las normativas espec\u00edficas emanadas de los mismos textos lit\u00fargicos y de los principales documentos del Magisterios sobre el tema.<\/p><p>Aunque muchas cosas que all\u00ed se mencionan sean ya conocidas de muchos, nos parece conveniente volver a recordarlas a fin de impregnar nuestras celebraciones de un fresco fervor, es decir, que sean siempre \u201cv\u00edvidas y vividas\u201d<a href=\"#_ftn2\" name=\"_ftnref2\">[2]<\/a>. Pues si \u201c<strong>hemos de caracterizarnos por la importancia que se le debe dar a la celebraci\u00f3n de la Santa Misa, as\u00ed como por el modo reverente de celebrarla<\/strong>\u201d, explicaba el P. Buela, de ah\u00ed \u201c<strong>el \u00e9nfasis que se le debe dar a la vida lit\u00fargica en el Instituto<\/strong>\u201d.<\/p><p>Hagamos nuestro tambi\u00e9n el anhelo de que todos los sacerdotes del Instituto seamos \u201cmaestros del <em>ars celebrandi<\/em>\u201d<a href=\"#_ftn3\" name=\"_ftnref3\">[3]<\/a> y cuidemos cada detalle para que nuestras celebraciones sean mod\u00e9licas.<\/p><p><a href=\"#_ftnref1\" name=\"_ftn1\">[1]<\/a> <em>Directorio de Vida Lit\u00fargica<\/em>, 2.<\/p><p><a href=\"#_ftnref2\" name=\"_ftn2\">[2]<\/a> <em>Directorio de Vida Lit\u00fargica<\/em>, 4.<\/p><p><a href=\"#_ftnref3\" name=\"_ftn3\">[3]<\/a> Carlos Buela, IVE, <em>Ars celebrandi<\/em>, 7.<\/p>\t\t\t\t\t\t\t\t<\/div>\n\t\t\t\t<\/div>\n\t\t\t\t<div class=\"elementor-element elementor-element-668e43d elementor-grid-3 elementor-grid-tablet-2 elementor-grid-mobile-1 elementor-posts--thumbnail-top elementor-card-shadow-yes elementor-posts__hover-gradient elementor-invisible elementor-widget elementor-widget-posts\" data-id=\"668e43d\" data-element_type=\"widget\" data-e-type=\"widget\" data-settings=\"{&quot;_animation&quot;:&quot;fadeInUp&quot;,&quot;pagination_type&quot;:&quot;numbers&quot;,&quot;cards_columns&quot;:&quot;3&quot;,&quot;cards_columns_tablet&quot;:&quot;2&quot;,&quot;cards_columns_mobile&quot;:&quot;1&quot;,&quot;cards_row_gap&quot;:{&quot;unit&quot;:&quot;px&quot;,&quot;size&quot;:35,&quot;sizes&quot;:[]},&quot;cards_row_gap_tablet&quot;:{&quot;unit&quot;:&quot;px&quot;,&quot;size&quot;:&quot;&quot;,&quot;sizes&quot;:[]},&quot;cards_row_gap_mobile&quot;:{&quot;unit&quot;:&quot;px&quot;,&quot;size&quot;:&quot;&quot;,&quot;sizes&quot;:[]}}\" data-widget_type=\"posts.cards\">\n\t\t\t\t<div class=\"elementor-widget-container\">\n\t\t\t\t\t\t\t<div class=\"elementor-posts-container elementor-posts elementor-posts--skin-cards elementor-grid\" role=\"list\">\n\t\t\t\t<article class=\"elementor-post elementor-grid-item post-10934 post type-post status-publish format-standard has-post-thumbnail hentry category-nuestro-estilo\" role=\"listitem\">\n\t\t\t<div class=\"elementor-post__card\">\n\t\t\t\t<a class=\"elementor-post__thumbnail__link\" href=\"https:\/\/nuestrocarisma.org\/index.php\/2026\/04\/10\/en-la-medida-de-lo-posible-catedralicia\/\" tabindex=\"-1\" ><div class=\"elementor-post__thumbnail\"><img fetchpriority=\"high\" decoding=\"async\" width=\"1200\" height=\"800\" src=\"https:\/\/nuestrocarisma.org\/wp-content\/uploads\/2026\/04\/april-10.jpg\" class=\"attachment-full size-full wp-image-10935\" alt=\"\" srcset=\"https:\/\/nuestrocarisma.org\/wp-content\/uploads\/2026\/04\/april-10.jpg 1200w, https:\/\/nuestrocarisma.org\/wp-content\/uploads\/2026\/04\/april-10-300x200.jpg 300w, https:\/\/nuestrocarisma.org\/wp-content\/uploads\/2026\/04\/april-10-1024x683.jpg 1024w, https:\/\/nuestrocarisma.org\/wp-content\/uploads\/2026\/04\/april-10-768x512.jpg 768w\" sizes=\"(max-width: 1200px) 100vw, 1200px\" \/><\/div><\/a>\n\t\t\t\t<div class=\"elementor-post__badge\">Nuestro Estilo<\/div>\n\t\t\t\t<div class=\"elementor-post__text\">\n\t\t\t\t<h3 class=\"elementor-post__title\">\n\t\t\t<a href=\"https:\/\/nuestrocarisma.org\/index.php\/2026\/04\/10\/en-la-medida-de-lo-posible-catedralicia\/\" >\n\t\t\t\tEn la medida de lo posible, catedralicia\t\t\t<\/a>\n\t\t<\/h3>\n\t\t\n\t\t<a class=\"elementor-post__read-more\" href=\"https:\/\/nuestrocarisma.org\/index.php\/2026\/04\/10\/en-la-medida-de-lo-posible-catedralicia\/\" aria-label=\"M\u00e1s informaci\u00f3n sobre En la medida de lo posible, catedralicia\" tabindex=\"-1\" >\n\t\t\tLeer m\u00e1s \u00bb\t\t<\/a>\n\n\t\t\t\t<\/div>\n\t\t\t\t<div class=\"elementor-post__meta-data\">\n\t\t\t\t\t<span class=\"elementor-post-date\">\n\t\t\tabril 10, 2026\t\t<\/span>\n\t\t\t\t<\/div>\n\t\t\t\t\t<\/div>\n\t\t<\/article>\n\t\t\t\t<article class=\"elementor-post elementor-grid-item post-10900 post type-post status-publish format-standard has-post-thumbnail hentry category-nuestro-estilo\" role=\"listitem\">\n\t\t\t<div class=\"elementor-post__card\">\n\t\t\t\t<a class=\"elementor-post__thumbnail__link\" href=\"https:\/\/nuestrocarisma.org\/index.php\/2026\/03\/27\/nuestras-celebraciones-liturgicas-deben-ser-modelicas\/\" tabindex=\"-1\" ><div class=\"elementor-post__thumbnail\"><img decoding=\"async\" width=\"2048\" height=\"1300\" src=\"https:\/\/nuestrocarisma.org\/wp-content\/uploads\/2026\/03\/march-27.jpg\" class=\"attachment-full size-full wp-image-10901\" alt=\"\" srcset=\"https:\/\/nuestrocarisma.org\/wp-content\/uploads\/2026\/03\/march-27.jpg 2048w, https:\/\/nuestrocarisma.org\/wp-content\/uploads\/2026\/03\/march-27-300x190.jpg 300w, https:\/\/nuestrocarisma.org\/wp-content\/uploads\/2026\/03\/march-27-1024x650.jpg 1024w, https:\/\/nuestrocarisma.org\/wp-content\/uploads\/2026\/03\/march-27-768x488.jpg 768w, https:\/\/nuestrocarisma.org\/wp-content\/uploads\/2026\/03\/march-27-1536x975.jpg 1536w\" sizes=\"(max-width: 2048px) 100vw, 2048px\" \/><\/div><\/a>\n\t\t\t\t<div class=\"elementor-post__badge\">Nuestro Estilo<\/div>\n\t\t\t\t<div class=\"elementor-post__text\">\n\t\t\t\t<h3 class=\"elementor-post__title\">\n\t\t\t<a href=\"https:\/\/nuestrocarisma.org\/index.php\/2026\/03\/27\/nuestras-celebraciones-liturgicas-deben-ser-modelicas\/\" >\n\t\t\t\tNuestras celebraciones lit\u00fargicas deben ser mod\u00e9licas\t\t\t<\/a>\n\t\t<\/h3>\n\t\t\n\t\t<a class=\"elementor-post__read-more\" href=\"https:\/\/nuestrocarisma.org\/index.php\/2026\/03\/27\/nuestras-celebraciones-liturgicas-deben-ser-modelicas\/\" aria-label=\"M\u00e1s informaci\u00f3n sobre Nuestras celebraciones lit\u00fargicas deben ser mod\u00e9licas\" tabindex=\"-1\" >\n\t\t\tLeer m\u00e1s \u00bb\t\t<\/a>\n\n\t\t\t\t<\/div>\n\t\t\t\t<div class=\"elementor-post__meta-data\">\n\t\t\t\t\t<span class=\"elementor-post-date\">\n\t\t\tmarzo 27, 2026\t\t<\/span>\n\t\t\t\t<\/div>\n\t\t\t\t\t<\/div>\n\t\t<\/article>\n\t\t\t\t<article class=\"elementor-post elementor-grid-item post-10778 post type-post status-publish format-standard has-post-thumbnail hentry category-nuestro-estilo\" role=\"listitem\">\n\t\t\t<div class=\"elementor-post__card\">\n\t\t\t\t<a class=\"elementor-post__thumbnail__link\" href=\"https:\/\/nuestrocarisma.org\/index.php\/2026\/03\/06\/nuestro-estilo-liturgico\/\" tabindex=\"-1\" ><div class=\"elementor-post__thumbnail\"><img decoding=\"async\" width=\"1908\" height=\"1074\" src=\"https:\/\/nuestrocarisma.org\/wp-content\/uploads\/2026\/03\/march-6.jpg\" class=\"attachment-full size-full wp-image-10783\" alt=\"\" srcset=\"https:\/\/nuestrocarisma.org\/wp-content\/uploads\/2026\/03\/march-6.jpg 1908w, https:\/\/nuestrocarisma.org\/wp-content\/uploads\/2026\/03\/march-6-300x169.jpg 300w, https:\/\/nuestrocarisma.org\/wp-content\/uploads\/2026\/03\/march-6-1024x576.jpg 1024w, https:\/\/nuestrocarisma.org\/wp-content\/uploads\/2026\/03\/march-6-768x432.jpg 768w, https:\/\/nuestrocarisma.org\/wp-content\/uploads\/2026\/03\/march-6-1536x865.jpg 1536w\" sizes=\"(max-width: 1908px) 100vw, 1908px\" \/><\/div><\/a>\n\t\t\t\t<div class=\"elementor-post__badge\">Nuestro Estilo<\/div>\n\t\t\t\t<div class=\"elementor-post__text\">\n\t\t\t\t<h3 class=\"elementor-post__title\">\n\t\t\t<a href=\"https:\/\/nuestrocarisma.org\/index.php\/2026\/03\/06\/nuestro-estilo-liturgico\/\" >\n\t\t\t\tNuestro estilo lit\u00fargico\t\t\t<\/a>\n\t\t<\/h3>\n\t\t\n\t\t<a class=\"elementor-post__read-more\" href=\"https:\/\/nuestrocarisma.org\/index.php\/2026\/03\/06\/nuestro-estilo-liturgico\/\" aria-label=\"M\u00e1s informaci\u00f3n sobre Nuestro estilo lit\u00fargico\" tabindex=\"-1\" >\n\t\t\tLeer m\u00e1s \u00bb\t\t<\/a>\n\n\t\t\t\t<\/div>\n\t\t\t\t<div class=\"elementor-post__meta-data\">\n\t\t\t\t\t<span class=\"elementor-post-date\">\n\t\t\tmarzo 6, 2026\t\t<\/span>\n\t\t\t\t<\/div>\n\t\t\t\t\t<\/div>\n\t\t<\/article>\n\t\t\t\t<\/div>\n\t\t\n\t\t\t\t\t\t<\/div>\n\t\t\t\t<\/div>\n\t\t\t\t\t<\/div>\n\t\t<\/div>\n\t\t\t\t\t<\/div>\n\t\t<\/section>\n\t\t\t\t<\/div>\n\t\t","protected":false},"excerpt":{"rendered":"<p>Nuestro estilo lit\u00fargico Introducci\u00f3n \u00a0 \u201cLas celebraciones lit\u00fargicas ser\u00e1n, generalmente,lo que quiera y lo que sea el celebrante.A \u00e9l le corresponde cuidar todos los detalles<\/p>\n","protected":false},"author":1,"featured_media":0,"parent":0,"menu_order":0,"comment_status":"closed","ping_status":"closed","template":"elementor_header_footer","meta":{"site-sidebar-layout":"no-sidebar","site-content-layout":"page-builder","ast-site-content-layout":"full-width-container","site-content-style":"default","site-sidebar-style":"default","ast-global-header-display":"","ast-banner-title-visibility":"","ast-main-header-display":"","ast-hfb-above-header-display":"","ast-hfb-below-header-display":"","ast-hfb-mobile-header-display":"","site-post-title":"disabled","ast-breadcrumbs-content":"","ast-featured-img":"disabled","footer-sml-layout":"","theme-transparent-header-meta":"","adv-header-id-meta":"","stick-header-meta":"","header-above-stick-meta":"","header-main-stick-meta":"","header-below-stick-meta":"","astra-migrate-meta-layouts":"set","ast-page-background-enabled":"default","ast-page-background-meta":{"desktop":{"background-color":"","background-image":"","background-repeat":"repeat","background-position":"center center","background-size":"auto","background-attachment":"scroll","background-type":"","background-media":"","overlay-type":"","overlay-color":"","overlay-gradient":""},"tablet":{"background-color":"","background-image":"","background-repeat":"repeat","background-position":"center center","background-size":"auto","background-attachment":"scroll","background-type":"","background-media":"","overlay-type":"","overlay-color":"","overlay-gradient":""},"mobile":{"background-color":"","background-image":"","background-repeat":"repeat","background-position":"center center","background-size":"auto","background-attachment":"scroll","background-type":"","background-media":"","overlay-type":"","overlay-color":"","overlay-gradient":""}},"ast-content-background-meta":{"desktop":{"background-color":"var(--ast-global-color-5)","background-image":"","background-repeat":"repeat","background-position":"center center","background-size":"auto","background-attachment":"scroll","background-type":"","background-media":"","overlay-type":"","overlay-color":"","overlay-gradient":""},"tablet":{"background-color":"var(--ast-global-color-5)","background-image":"","background-repeat":"repeat","background-position":"center center","background-size":"auto","background-attachment":"scroll","background-type":"","background-media":"","overlay-type":"","overlay-color":"","overlay-gradient":""},"mobile":{"background-color":"var(--ast-global-color-5)","background-image":"","background-repeat":"repeat","background-position":"center center","background-size":"auto","background-attachment":"scroll","background-type":"","background-media":"","overlay-type":"","overlay-color":"","overlay-gradient":""}},"footnotes":""},"class_list":["post-10780","page","type-page","status-publish","hentry"],"_links":{"self":[{"href":"https:\/\/nuestrocarisma.org\/index.php\/wp-json\/wp\/v2\/pages\/10780","targetHints":{"allow":["GET"]}}],"collection":[{"href":"https:\/\/nuestrocarisma.org\/index.php\/wp-json\/wp\/v2\/pages"}],"about":[{"href":"https:\/\/nuestrocarisma.org\/index.php\/wp-json\/wp\/v2\/types\/page"}],"author":[{"embeddable":true,"href":"https:\/\/nuestrocarisma.org\/index.php\/wp-json\/wp\/v2\/users\/1"}],"replies":[{"embeddable":true,"href":"https:\/\/nuestrocarisma.org\/index.php\/wp-json\/wp\/v2\/comments?post=10780"}],"version-history":[{"count":13,"href":"https:\/\/nuestrocarisma.org\/index.php\/wp-json\/wp\/v2\/pages\/10780\/revisions"}],"predecessor-version":[{"id":10804,"href":"https:\/\/nuestrocarisma.org\/index.php\/wp-json\/wp\/v2\/pages\/10780\/revisions\/10804"}],"wp:attachment":[{"href":"https:\/\/nuestrocarisma.org\/index.php\/wp-json\/wp\/v2\/media?parent=10780"}],"curies":[{"name":"wp","href":"https:\/\/api.w.org\/{rel}","templated":true}]}}