{"id":10378,"date":"2025-11-03T07:31:04","date_gmt":"2025-11-03T05:31:04","guid":{"rendered":"https:\/\/nuestrocarisma.org\/?page_id=10378"},"modified":"2025-11-03T08:02:56","modified_gmt":"2025-11-03T06:02:56","slug":"vox-verbi","status":"publish","type":"page","link":"https:\/\/nuestrocarisma.org\/index.php\/vox-verbi\/","title":{"rendered":"Vox Verbi"},"content":{"rendered":"\t\t<div data-elementor-type=\"wp-page\" data-elementor-id=\"10378\" class=\"elementor elementor-10378\" data-elementor-post-type=\"page\">\n\t\t\t\t\t\t<section class=\"elementor-section elementor-top-section elementor-element elementor-element-1de507f elementor-section-boxed elementor-section-height-default elementor-section-height-default\" data-id=\"1de507f\" data-element_type=\"section\" data-e-type=\"section\" data-settings=\"{&quot;background_background&quot;:&quot;classic&quot;}\">\n\t\t\t\t\t\t\t<div class=\"elementor-background-overlay\"><\/div>\n\t\t\t\t\t\t\t<div class=\"elementor-container elementor-column-gap-default\">\n\t\t\t\t\t<div class=\"elementor-column elementor-col-100 elementor-top-column elementor-element elementor-element-927184e\" data-id=\"927184e\" data-element_type=\"column\" data-e-type=\"column\">\n\t\t\t<div class=\"elementor-widget-wrap elementor-element-populated\">\n\t\t\t\t\t\t<div class=\"elementor-element elementor-element-d54124b elementor-widget elementor-widget-heading\" data-id=\"d54124b\" data-element_type=\"widget\" data-e-type=\"widget\" data-widget_type=\"heading.default\">\n\t\t\t\t<div class=\"elementor-widget-container\">\n\t\t\t\t\t<h1 class=\"elementor-heading-title elementor-size-default\">Vox Verbi<\/h1>\t\t\t\t<\/div>\n\t\t\t\t<\/div>\n\t\t\t\t\t<\/div>\n\t\t<\/div>\n\t\t\t\t\t<\/div>\n\t\t<\/section>\n\t\t\t\t<section class=\"elementor-section elementor-top-section elementor-element elementor-element-0955aba elementor-section-boxed elementor-section-height-default elementor-section-height-default\" data-id=\"0955aba\" data-element_type=\"section\" data-e-type=\"section\">\n\t\t\t\t\t\t<div class=\"elementor-container elementor-column-gap-default\">\n\t\t\t\t\t<div class=\"elementor-column elementor-col-100 elementor-top-column elementor-element elementor-element-3544c5e\" data-id=\"3544c5e\" data-element_type=\"column\" data-e-type=\"column\">\n\t\t\t<div class=\"elementor-widget-wrap elementor-element-populated\">\n\t\t\t\t\t\t<div class=\"elementor-element elementor-element-668e43d elementor-grid-3 elementor-grid-tablet-2 elementor-grid-mobile-1 elementor-posts--thumbnail-top elementor-card-shadow-yes elementor-posts__hover-gradient elementor-invisible elementor-widget elementor-widget-posts\" data-id=\"668e43d\" data-element_type=\"widget\" data-e-type=\"widget\" data-settings=\"{&quot;_animation&quot;:&quot;fadeInUp&quot;,&quot;pagination_type&quot;:&quot;numbers&quot;,&quot;cards_columns&quot;:&quot;3&quot;,&quot;cards_columns_tablet&quot;:&quot;2&quot;,&quot;cards_columns_mobile&quot;:&quot;1&quot;,&quot;cards_row_gap&quot;:{&quot;unit&quot;:&quot;px&quot;,&quot;size&quot;:35,&quot;sizes&quot;:[]},&quot;cards_row_gap_tablet&quot;:{&quot;unit&quot;:&quot;px&quot;,&quot;size&quot;:&quot;&quot;,&quot;sizes&quot;:[]},&quot;cards_row_gap_mobile&quot;:{&quot;unit&quot;:&quot;px&quot;,&quot;size&quot;:&quot;&quot;,&quot;sizes&quot;:[]}}\" data-widget_type=\"posts.cards\">\n\t\t\t\t<div class=\"elementor-widget-container\">\n\t\t\t\t\t\t\t<div class=\"elementor-posts-container elementor-posts elementor-posts--skin-cards elementor-grid\" role=\"list\">\n\t\t\t\t<article class=\"elementor-post elementor-grid-item post-10959 post type-post status-publish format-standard has-post-thumbnail hentry category-vox-verbi\" role=\"listitem\">\n\t\t\t<div class=\"elementor-post__card\">\n\t\t\t\t<a class=\"elementor-post__thumbnail__link\" href=\"https:\/\/nuestrocarisma.org\/index.php\/2026\/04\/24\/invasion-de-sectas\/\" tabindex=\"-1\" ><div class=\"elementor-post__thumbnail\"><img fetchpriority=\"high\" decoding=\"async\" width=\"1850\" height=\"986\" src=\"https:\/\/nuestrocarisma.org\/wp-content\/uploads\/2026\/04\/april-24.jpg\" class=\"attachment-full size-full wp-image-10960\" alt=\"\" srcset=\"https:\/\/nuestrocarisma.org\/wp-content\/uploads\/2026\/04\/april-24.jpg 1850w, https:\/\/nuestrocarisma.org\/wp-content\/uploads\/2026\/04\/april-24-300x160.jpg 300w, https:\/\/nuestrocarisma.org\/wp-content\/uploads\/2026\/04\/april-24-1024x546.jpg 1024w, https:\/\/nuestrocarisma.org\/wp-content\/uploads\/2026\/04\/april-24-768x409.jpg 768w, https:\/\/nuestrocarisma.org\/wp-content\/uploads\/2026\/04\/april-24-1536x819.jpg 1536w\" sizes=\"(max-width: 1850px) 100vw, 1850px\" \/><\/div><\/a>\n\t\t\t\t<div class=\"elementor-post__badge\">Vox Verbi<\/div>\n\t\t\t\t<div class=\"elementor-post__text\">\n\t\t\t\t<h3 class=\"elementor-post__title\">\n\t\t\t<a href=\"https:\/\/nuestrocarisma.org\/index.php\/2026\/04\/24\/invasion-de-sectas\/\" >\n\t\t\t\tInvasi\u00f3n de sectas\t\t\t<\/a>\n\t\t<\/h3>\n\t\t\n\t\t<a class=\"elementor-post__read-more\" href=\"https:\/\/nuestrocarisma.org\/index.php\/2026\/04\/24\/invasion-de-sectas\/\" aria-label=\"M\u00e1s informaci\u00f3n sobre Invasi\u00f3n de sectas\" tabindex=\"-1\" >\n\t\t\tLeer m\u00e1s \u00bb\t\t<\/a>\n\n\t\t\t\t<\/div>\n\t\t\t\t<div class=\"elementor-post__meta-data\">\n\t\t\t\t\t<span class=\"elementor-post-date\">\n\t\t\tabril 24, 2026\t\t<\/span>\n\t\t\t\t<\/div>\n\t\t\t\t\t<\/div>\n\t\t<\/article>\n\t\t\t\t<article class=\"elementor-post elementor-grid-item post-10629 post type-post status-publish format-standard has-post-thumbnail hentry category-vox-verbi\" role=\"listitem\">\n\t\t\t<div class=\"elementor-post__card\">\n\t\t\t\t<a class=\"elementor-post__thumbnail__link\" href=\"https:\/\/nuestrocarisma.org\/index.php\/2026\/01\/23\/los-resentidos\/\" tabindex=\"-1\" ><div class=\"elementor-post__thumbnail\"><img decoding=\"async\" width=\"1280\" height=\"720\" src=\"https:\/\/nuestrocarisma.org\/wp-content\/uploads\/2026\/01\/JAN-25.jpeg\" class=\"attachment-full size-full wp-image-10630\" alt=\"\" srcset=\"https:\/\/nuestrocarisma.org\/wp-content\/uploads\/2026\/01\/JAN-25.jpeg 1280w, https:\/\/nuestrocarisma.org\/wp-content\/uploads\/2026\/01\/JAN-25-300x169.jpeg 300w, https:\/\/nuestrocarisma.org\/wp-content\/uploads\/2026\/01\/JAN-25-1024x576.jpeg 1024w, https:\/\/nuestrocarisma.org\/wp-content\/uploads\/2026\/01\/JAN-25-768x432.jpeg 768w\" sizes=\"(max-width: 1280px) 100vw, 1280px\" \/><\/div><\/a>\n\t\t\t\t<div class=\"elementor-post__badge\">Vox Verbi<\/div>\n\t\t\t\t<div class=\"elementor-post__text\">\n\t\t\t\t<h3 class=\"elementor-post__title\">\n\t\t\t<a href=\"https:\/\/nuestrocarisma.org\/index.php\/2026\/01\/23\/los-resentidos\/\" >\n\t\t\t\tLos resentidos\t\t\t<\/a>\n\t\t<\/h3>\n\t\t\n\t\t<a class=\"elementor-post__read-more\" href=\"https:\/\/nuestrocarisma.org\/index.php\/2026\/01\/23\/los-resentidos\/\" aria-label=\"M\u00e1s informaci\u00f3n sobre Los resentidos\" tabindex=\"-1\" >\n\t\t\tLeer m\u00e1s \u00bb\t\t<\/a>\n\n\t\t\t\t<\/div>\n\t\t\t\t<div class=\"elementor-post__meta-data\">\n\t\t\t\t\t<span class=\"elementor-post-date\">\n\t\t\tenero 23, 2026\t\t<\/span>\n\t\t\t\t<\/div>\n\t\t\t\t\t<\/div>\n\t\t<\/article>\n\t\t\t\t<article class=\"elementor-post elementor-grid-item post-10515 post type-post status-publish format-standard has-post-thumbnail hentry category-vox-verbi\" role=\"listitem\">\n\t\t\t<div class=\"elementor-post__card\">\n\t\t\t\t<a class=\"elementor-post__thumbnail__link\" href=\"https:\/\/nuestrocarisma.org\/index.php\/2025\/12\/26\/meditacion-para-navidad-los-cielos-estan-destilando-gozos-de-miel\/\" tabindex=\"-1\" ><div class=\"elementor-post__thumbnail\"><img decoding=\"async\" width=\"1803\" height=\"1014\" src=\"https:\/\/nuestrocarisma.org\/wp-content\/uploads\/2025\/12\/dec-26.jpg\" class=\"attachment-full size-full wp-image-10516\" alt=\"\" srcset=\"https:\/\/nuestrocarisma.org\/wp-content\/uploads\/2025\/12\/dec-26.jpg 1803w, https:\/\/nuestrocarisma.org\/wp-content\/uploads\/2025\/12\/dec-26-300x169.jpg 300w, https:\/\/nuestrocarisma.org\/wp-content\/uploads\/2025\/12\/dec-26-1024x576.jpg 1024w, https:\/\/nuestrocarisma.org\/wp-content\/uploads\/2025\/12\/dec-26-768x432.jpg 768w, https:\/\/nuestrocarisma.org\/wp-content\/uploads\/2025\/12\/dec-26-1536x864.jpg 1536w\" sizes=\"(max-width: 1803px) 100vw, 1803px\" \/><\/div><\/a>\n\t\t\t\t<div class=\"elementor-post__badge\">Vox Verbi<\/div>\n\t\t\t\t<div class=\"elementor-post__text\">\n\t\t\t\t<h3 class=\"elementor-post__title\">\n\t\t\t<a href=\"https:\/\/nuestrocarisma.org\/index.php\/2025\/12\/26\/meditacion-para-navidad-los-cielos-estan-destilando-gozos-de-miel\/\" >\n\t\t\t\tMeditaci\u00f3n para Navidad. \u201cLos Cielos est\u00e1n destilando gozos de miel\u201d\t\t\t<\/a>\n\t\t<\/h3>\n\t\t\n\t\t<a class=\"elementor-post__read-more\" href=\"https:\/\/nuestrocarisma.org\/index.php\/2025\/12\/26\/meditacion-para-navidad-los-cielos-estan-destilando-gozos-de-miel\/\" aria-label=\"M\u00e1s informaci\u00f3n sobre Meditaci\u00f3n para Navidad. \u201cLos Cielos est\u00e1n destilando gozos de miel\u201d\" tabindex=\"-1\" >\n\t\t\tLeer m\u00e1s \u00bb\t\t<\/a>\n\n\t\t\t\t<\/div>\n\t\t\t\t<div class=\"elementor-post__meta-data\">\n\t\t\t\t\t<span class=\"elementor-post-date\">\n\t\t\tdiciembre 26, 2025\t\t<\/span>\n\t\t\t\t<\/div>\n\t\t\t\t\t<\/div>\n\t\t<\/article>\n\t\t\t\t<article class=\"elementor-post elementor-grid-item post-10369 post type-post status-publish format-standard has-post-thumbnail hentry category-vox-verbi\" role=\"listitem\">\n\t\t\t<div class=\"elementor-post__card\">\n\t\t\t\t<a class=\"elementor-post__thumbnail__link\" href=\"https:\/\/nuestrocarisma.org\/index.php\/2025\/11\/03\/el-sentido-del-humor-del-padre-pro\/\" tabindex=\"-1\" ><div class=\"elementor-post__thumbnail\"><img loading=\"lazy\" decoding=\"async\" width=\"1552\" height=\"768\" src=\"https:\/\/nuestrocarisma.org\/wp-content\/uploads\/2025\/11\/nov-3.jpg\" class=\"attachment-full size-full wp-image-10376\" alt=\"\" srcset=\"https:\/\/nuestrocarisma.org\/wp-content\/uploads\/2025\/11\/nov-3.jpg 1552w, https:\/\/nuestrocarisma.org\/wp-content\/uploads\/2025\/11\/nov-3-300x148.jpg 300w, https:\/\/nuestrocarisma.org\/wp-content\/uploads\/2025\/11\/nov-3-1024x507.jpg 1024w, https:\/\/nuestrocarisma.org\/wp-content\/uploads\/2025\/11\/nov-3-768x380.jpg 768w, https:\/\/nuestrocarisma.org\/wp-content\/uploads\/2025\/11\/nov-3-1536x760.jpg 1536w\" sizes=\"(max-width: 1552px) 100vw, 1552px\" \/><\/div><\/a>\n\t\t\t\t<div class=\"elementor-post__badge\">Vox Verbi<\/div>\n\t\t\t\t<div class=\"elementor-post__text\">\n\t\t\t\t<h3 class=\"elementor-post__title\">\n\t\t\t<a href=\"https:\/\/nuestrocarisma.org\/index.php\/2025\/11\/03\/el-sentido-del-humor-del-padre-pro\/\" >\n\t\t\t\tEl sentido del humor del Padre Pro\t\t\t<\/a>\n\t\t<\/h3>\n\t\t\n\t\t<a class=\"elementor-post__read-more\" href=\"https:\/\/nuestrocarisma.org\/index.php\/2025\/11\/03\/el-sentido-del-humor-del-padre-pro\/\" aria-label=\"M\u00e1s informaci\u00f3n sobre El sentido del humor del Padre Pro\" tabindex=\"-1\" >\n\t\t\tLeer m\u00e1s \u00bb\t\t<\/a>\n\n\t\t\t\t<\/div>\n\t\t\t\t<div class=\"elementor-post__meta-data\">\n\t\t\t\t\t<span class=\"elementor-post-date\">\n\t\t\tnoviembre 3, 2025\t\t<\/span>\n\t\t\t\t<\/div>\n\t\t\t\t\t<\/div>\n\t\t<\/article>\n\t\t\t\t<\/div>\n\t\t\n\t\t\t\t\t\t<\/div>\n\t\t\t\t<\/div>\n\t\t\t\t\t<\/div>\n\t\t<\/div>\n\t\t\t\t\t<\/div>\n\t\t<\/section>\n\t\t\t\t<\/div>\n\t\t","protected":false},"excerpt":{"rendered":"<p>Vox Verbi<\/p>\n","protected":false},"author":1,"featured_media":0,"parent":0,"menu_order":0,"comment_status":"closed","ping_status":"closed","template":"elementor_header_footer","meta":{"site-sidebar-layout":"no-sidebar","site-content-layout":"page-builder","ast-site-content-layout":"full-width-container","site-content-style":"default","site-sidebar-style":"default","ast-global-header-display":"","ast-banner-title-visibility":"","ast-main-header-display":"","ast-hfb-above-header-display":"","ast-hfb-below-header-display":"","ast-hfb-mobile-header-display":"","site-post-title":"disabled","ast-breadcrumbs-content":"","ast-featured-img":"disabled","footer-sml-layout":"","theme-transparent-header-meta":"","adv-header-id-meta":"","stick-header-meta":"","header-above-stick-meta":"","header-main-stick-meta":"","header-below-stick-meta":"","astra-migrate-meta-layouts":"set","ast-page-background-enabled":"default","ast-page-background-meta":{"desktop":{"background-color":"","background-image":"","background-repeat":"repeat","background-position":"center center","background-size":"auto","background-attachment":"scroll","background-type":"","background-media":"","overlay-type":"","overlay-color":"","overlay-gradient":""},"tablet":{"background-color":"","background-image":"","background-repeat":"repeat","background-position":"center center","background-size":"auto","background-attachment":"scroll","background-type":"","background-media":"","overlay-type":"","overlay-color":"","overlay-gradient":""},"mobile":{"background-color":"","background-image":"","background-repeat":"repeat","background-position":"center center","background-size":"auto","background-attachment":"scroll","background-type":"","background-media":"","overlay-type":"","overlay-color":"","overlay-gradient":""}},"ast-content-background-meta":{"desktop":{"background-color":"var(--ast-global-color-5)","background-image":"","background-repeat":"repeat","background-position":"center center","background-size":"auto","background-attachment":"scroll","background-type":"","background-media":"","overlay-type":"","overlay-color":"","overlay-gradient":""},"tablet":{"background-color":"var(--ast-global-color-5)","background-image":"","background-repeat":"repeat","background-position":"center center","background-size":"auto","background-attachment":"scroll","background-type":"","background-media":"","overlay-type":"","overlay-color":"","overlay-gradient":""},"mobile":{"background-color":"var(--ast-global-color-5)","background-image":"","background-repeat":"repeat","background-position":"center center","background-size":"auto","background-attachment":"scroll","background-type":"","background-media":"","overlay-type":"","overlay-color":"","overlay-gradient":""}},"footnotes":""},"class_list":["post-10378","page","type-page","status-publish","hentry"],"_links":{"self":[{"href":"https:\/\/nuestrocarisma.org\/index.php\/wp-json\/wp\/v2\/pages\/10378","targetHints":{"allow":["GET"]}}],"collection":[{"href":"https:\/\/nuestrocarisma.org\/index.php\/wp-json\/wp\/v2\/pages"}],"about":[{"href":"https:\/\/nuestrocarisma.org\/index.php\/wp-json\/wp\/v2\/types\/page"}],"author":[{"embeddable":true,"href":"https:\/\/nuestrocarisma.org\/index.php\/wp-json\/wp\/v2\/users\/1"}],"replies":[{"embeddable":true,"href":"https:\/\/nuestrocarisma.org\/index.php\/wp-json\/wp\/v2\/comments?post=10378"}],"version-history":[{"count":7,"href":"https:\/\/nuestrocarisma.org\/index.php\/wp-json\/wp\/v2\/pages\/10378\/revisions"}],"predecessor-version":[{"id":10392,"href":"https:\/\/nuestrocarisma.org\/index.php\/wp-json\/wp\/v2\/pages\/10378\/revisions\/10392"}],"wp:attachment":[{"href":"https:\/\/nuestrocarisma.org\/index.php\/wp-json\/wp\/v2\/media?parent=10378"}],"curies":[{"name":"wp","href":"https:\/\/api.w.org\/{rel}","templated":true}]}}